{"id":6709,"date":"2023-06-30T08:43:23","date_gmt":"2023-06-30T08:43:23","guid":{"rendered":"https:\/\/school.taga.net\/avviso-legale\/"},"modified":"2023-10-09T09:41:28","modified_gmt":"2023-10-09T09:41:28","slug":"avviso-legale","status":"publish","type":"page","link":"https:\/\/school.taga.net\/it\/avviso-legale\/","title":{"rendered":"Avviso legale"},"content":{"rendered":"\t\t<div data-elementor-type=\"wp-page\" data-elementor-id=\"6709\" class=\"elementor elementor-6709 elementor-4773\">\n\t\t\t\t\t\t\t\t\t<section class=\"wavo-column-gap-default elementor-section elementor-top-section elementor-element elementor-element-1e68802 elementor-section-stretched nt-structure nt-structure-yes elementor-section-boxed elementor-section-height-default elementor-section-height-default\" data-id=\"1e68802\" data-element_type=\"section\" data-settings=\"{&quot;stretch_section&quot;:&quot;section-stretched&quot;}\">\n\t\t\t\t\t\t<div class=\"elementor-container elementor-column-gap-default\">\n\t\t\t\t\t<div class=\"elementor-column elementor-col-100 elementor-top-column elementor-element elementor-element-a2d2b93\" data-id=\"a2d2b93\" data-element_type=\"column\">\n\t\t\t<div class=\"elementor-widget-wrap elementor-element-populated\">\n\t\t\t\t\t\t\t\t<div class=\"elementor-element elementor-element-39448d7 elementor-widget__width-initial elementor-widget elementor-widget-text-editor\" data-id=\"39448d7\" data-element_type=\"widget\" data-widget_type=\"text-editor.default\">\n\t\t\t\t<div class=\"elementor-widget-container\">\n\t\t\t<style>\/*! elementor - v3.15.0 - 31-07-2023 *\/\n.elementor-widget-text-editor.elementor-drop-cap-view-stacked .elementor-drop-cap{background-color:#69727d;color:#fff}.elementor-widget-text-editor.elementor-drop-cap-view-framed .elementor-drop-cap{color:#69727d;border:3px solid;background-color:transparent}.elementor-widget-text-editor:not(.elementor-drop-cap-view-default) .elementor-drop-cap{margin-top:8px}.elementor-widget-text-editor:not(.elementor-drop-cap-view-default) .elementor-drop-cap-letter{width:1em;height:1em}.elementor-widget-text-editor .elementor-drop-cap{float:left;text-align:center;line-height:1;font-size:50px}.elementor-widget-text-editor .elementor-drop-cap-letter{display:inline-block}<\/style>\t\t\t\t<h6 dir=\"ltr\" data-placeholder=\"Traducci\u00f3n\"><strong><span lang=\"ca\">OGGETTO <\/span><\/strong><\/h6>\n<p dir=\"ltr\" data-placeholder=\"Traducci\u00f3n\"><span lang=\"ca\">Il presente Avviso Legale regola l&#8217;accesso e l&#8217;utilizzo dei contenuti offerti da TAGA.NET attraverso i suoi siti web. TAGA.NET si riserva il diritto di modificare la presentazione, la configurazione e il contenuto del Sito e dei servizi, nonch\u00e9 le condizioni necessarie per accedervi e\/o utilizzarli. L&#8217;accesso a determinati contenuti e l&#8217;utilizzo di determinati servizi possono essere soggetti ad alcune condizioni specifiche che, a seconda dei casi, sostituiranno, completeranno e\/o modificheranno la presente nota legale o le condizioni generali. <\/span><\/p>\n<p dir=\"ltr\" data-placeholder=\"Traducci\u00f3n\"><span lang=\"ca\">Le condizioni particolari prevarranno sulle Condizioni Generali qualora sussista una contraddizione tra le due. Il semplice accesso, navigazione e utilizzo del Sito comporta e presuppone l&#8217;accettazione da parte dell&#8217;utente delle Note Legali in ogni momento vigenti. In questo senso, per utente si intender\u00e0 la persona che accede, naviga o visualizza i contenuti ospitati sul Sito. <\/span><\/p>\n<p dir=\"ltr\" data-placeholder=\"Traducci\u00f3n\"><span lang=\"ca\">Per utente registrato si intende colui che accede, naviga e si registra, utilizza, visualizza, naviga, ospita e\/o scarica i contenuti e\/o utilizza i servizi del sito web.<\/span><\/p>\n<p dir=\"ltr\" data-placeholder=\"Traducci\u00f3n\">\n<h6 dir=\"ltr\" data-placeholder=\"Traducci\u00f3n\"><span lang=\"ca\"><strong>OBBLIGHI DELL&#8217;UTENTE<\/strong><\/span><\/h6>\n<p dir=\"ltr\" data-placeholder=\"Traducci\u00f3n\"><span lang=\"ca\"> L&#8217;accesso e la navigazione nel Sito non richiedono la registrazione salvo che, per usufruire di alcune funzionalit\u00e0, potrebbe essere richiesto il conferimento di dati quali nome e indirizzo email. <\/span><\/p>\n<p dir=\"ltr\" data-placeholder=\"Traducci\u00f3n\"><span lang=\"ca\">L&#8217;utente si impegna a: <\/span><\/p>\n<p dir=\"ltr\" data-placeholder=\"Traducci\u00f3n\"><span lang=\"ca\">\u2022 Accettare e rispettare le disposizioni del presente Avviso Legale e di qualsiasi documento che ne costituisca parte integrante. <\/span><\/p>\n<p dir=\"ltr\" data-placeholder=\"Traducci\u00f3n\"><span lang=\"ca\">\u2022 Non diffamare, abusare, molestare, molestare, minacciare o in qualsiasi altro modo violare i diritti di altri utenti o di qualsiasi persona. <\/span><\/p>\n<p dir=\"ltr\" data-placeholder=\"Traducci\u00f3n\"><span lang=\"ca\">\u2022 Non rimuovere o tentare di rimuovere le misure di sicurezza adottate e implementate sul Sito.<\/span><\/p>\n<p dir=\"ltr\" data-placeholder=\"Traducci\u00f3n\"><span lang=\"ca\">\u2022 Rispettare quanto previsto dalla normativa vigente.<\/span><\/p>\n<p dir=\"ltr\" data-placeholder=\"Traducci\u00f3n\">\n<p dir=\"ltr\" data-placeholder=\"Traducci\u00f3n\">\n<h6 dir=\"ltr\" data-placeholder=\"Traducci\u00f3n\"><strong><span lang=\"ca\">DIRITTI DI PROPRIET\u00c0 INTELLETTUALE E INDUSTRIALE<\/span><\/strong><\/h6>\n<p dir=\"ltr\" data-placeholder=\"Traducci\u00f3n\"><span lang=\"ca\">TAGA.NET \u00e8 titolare dei diritti di propriet\u00e0 intellettuale e industriale del Sito. Inoltre possiede o ha ottenuto la licenza corrispondente alle informazioni e ai materiali disponibili attraverso di esso, nonch\u00e9 ai programmi informatici utilizzati in relazione ad essi. <\/span><\/p>\n<p dir=\"ltr\" data-placeholder=\"Traducci\u00f3n\"><span lang=\"ca\">L&#8217;accesso, la navigazione, l&#8217;utilizzo e\/o il download dei contenuti e\/o la fruizione dei servizi del Sito da parte dell&#8217;utente, in nessun caso potranno essere intesi come rinuncia, trasferimento, licenza o cessione totale o parziale dei diritti precedentemente indicati da TAGA. NET o, se del caso, dal titolare dei diritti corrispondenti. <\/span><\/p>\n<p dir=\"ltr\" data-placeholder=\"Traducci\u00f3n\"><span lang=\"ca\">Di conseguenza, non \u00e8 consentito eliminare, eludere o manipolare l&#8217;avviso di copyright e qualsiasi altra informazione identificativa dei diritti di TAGA.NET o dei rispettivi titolari incorporati nei contenuti e\/o nei servizi, nonch\u00e9 i dispositivi tecnici di protezione o qualsiasi informazione e \/o meccanismo di identificazione che potrebbe essere contenuto in esso. <\/span><\/p>\n<p dir=\"ltr\" data-placeholder=\"Traducci\u00f3n\"><span lang=\"ca\">Riferimenti a nomi e marchi registrati o registrati, loghi o altri segni distintivi, siano essi di propriet\u00e0 di TAGA.NET o di terzi, implicano il divieto del loro utilizzo senza il consenso scritto dei legittimi titolari, a seconda dei casi. <\/span><\/p>\n<p dir=\"ltr\" data-placeholder=\"Traducci\u00f3n\"><span lang=\"ca\">In nessun momento, salvo espressa indicazione, l&#8217;accesso o l&#8217;utilizzo del Sito e\/o dei suoi contenuti e\/o servizi conferisce all&#8217;Utente alcun diritto sui marchi, <\/span><span lang=\"ca\"> ivi compresi loghi e\/o segni distintivi tutelati dalla legge. Tutti i diritti di propriet\u00e0 intellettuale e industriale sono riservati e, in particolare, \u00e8 vietato riprodurre, distribuire, comunicare pubblicamente, modificare, riutilizzare, inviare per posta o altro mezzo, o sfruttare in altro modo, tutto o parte del contenuto del sito Sito web per scopi commerciali o contrari agli interessi di TAGA.NET, se non si dispone dell&#8217;espressa autorizzazione scritta di TAGA.NET o, ove applicabile, del rispettivo titolare dei diritti.<\/span><\/p>\n<p dir=\"ltr\" data-placeholder=\"Traducci\u00f3n\">\n<\/p>\n<h6 id=\"tw-target-text\" class=\"tw-data-text tw-text-large tw-ta\" dir=\"ltr\" data-placeholder=\"Traducci\u00f3n\"><strong><span class=\"Y2IQFc\" lang=\"ca\">LICENZA DI COMUNICAZIONE<\/span><\/strong><\/h6>\n<p class=\"tw-data-text tw-text-large tw-ta\" dir=\"ltr\" data-placeholder=\"Traducci\u00f3n\"><span class=\"Y2IQFc\" lang=\"ca\">Nel caso in cui l&#8217;utente invii informazioni di qualsiasi tipo a TAGA.NET attraverso il Sito, attraverso i canali previsti a tale scopo, l&#8217;utente dichiara, garantisce e accetta di avere il diritto di farlo liberamente, che tali informazioni non violano qualsiasi diritto di propriet\u00e0 intellettuale, marchio, brevetto, segreto commerciale o qualsiasi altro diritto di terzi, che queste informazioni non sono riservate e che queste informazioni non sono dannose per terzi. <\/span><\/p>\n<p class=\"tw-data-text tw-text-large tw-ta\" dir=\"ltr\" data-placeholder=\"Traducci\u00f3n\"><span class=\"Y2IQFc\" lang=\"ca\">L&#8217;usuari accepta assumir la responsabilitat i deixar indemne a TAGA.NET davant de qualsevol reclamaci\u00f3 derivada de la informaci\u00f3 que subministri, aconseguint aquesta responsabilitat sense cap restricci\u00f3 l&#8217;exactitud, legalitat, originalitat i titularitat daquesta.<\/span><\/p>\n<p dir=\"ltr\" data-placeholder=\"Traducci\u00f3n\">\n<h6 class=\"tw-data-text tw-text-large tw-ta\" dir=\"ltr\" data-placeholder=\"Traducci\u00f3n\"><strong><span class=\"Y2IQFc\" lang=\"ca\">RESPONSABILIT\u00c0 E GARANZIE<\/span><\/strong><\/h6>\n<p class=\"tw-data-text tw-text-large tw-ta\" dir=\"ltr\" data-placeholder=\"Traducci\u00f3n\"><span class=\"Y2IQFc\" lang=\"ca\">I contenuti del Sito sono forniti esclusivamente a scopo informativo e non intendono costituire alcun investimento, transazione o raccomandazione simile.<\/span><\/p>\n<p class=\"tw-data-text tw-text-large tw-ta\" dir=\"ltr\" data-placeholder=\"Traducci\u00f3n\"><span class=\"Y2IQFc\" lang=\"ca\">TAGA.NET dichiara di aver adottato tutte le misure necessarie, nell&#8217;ambito delle sue possibilit\u00e0 e dello stato della tecnologia, per garantire il funzionamento del Sito e per evitare l&#8217;esistenza e la trasmissione di virus e altri componenti dannosi per gli Utenti. <\/span><\/p>\n<p class=\"tw-data-text tw-text-large tw-ta\" dir=\"ltr\" data-placeholder=\"Traducci\u00f3n\"><span class=\"Y2IQFc\" lang=\"ca\">Tuttavia, TAGA.NET non garantisce l&#8217;idoneit\u00e0 o l&#8217;utilit\u00e0 dei contenuti del Sito n\u00e9 \u00e8 responsabile per eventuali danni causati, a se stessa o a terzi, da qualsiasi persona che violi le condizioni, le regole e le istruzioni di TAGA.NET. instaurati sul Sito o attraverso la violazione dei sistemi di sicurezza del Sito. <\/span><\/p>\n<p class=\"tw-data-text tw-text-large tw-ta\" dir=\"ltr\" data-placeholder=\"Traducci\u00f3n\"><span class=\"Y2IQFc\" lang=\"ca\">Qualora l&#8217;utente venga a conoscenza dell&#8217;esistenza di qualsiasi contenuto illecito, illegale, illegittimo o che possa costituire una violazione dei diritti di propriet\u00e0 intellettuale e\/o industriale, dovr\u00e0 darne immediata comunicazione a TAGA.NET affinch\u00e9 possa procedere all&#8217;adozione delle opportune misure.<\/span><\/p>\n<p dir=\"ltr\" data-placeholder=\"Traducci\u00f3n\">\n<h6 id=\"tw-target-text\" class=\"tw-data-text tw-text-large tw-ta\" dir=\"ltr\" data-placeholder=\"Traducci\u00f3n\"><strong><span class=\"Y2IQFc\" lang=\"ca\">LINK<\/span><\/strong><\/h6>\n<p class=\"tw-data-text tw-text-large tw-ta\" dir=\"ltr\" data-placeholder=\"Traducci\u00f3n\"><strong><span class=\"Y2IQFc\" lang=\"ca\">Collegamenti ad altre pagine web<\/span><\/strong><\/p>\n<p class=\"tw-data-text tw-text-large tw-ta\" dir=\"ltr\" data-placeholder=\"Traducci\u00f3n\"><span class=\"Y2IQFc\" lang=\"ca\">TAGA.NET non sar\u00e0 responsabile per qualsiasi aspetto relativo alle pagine web di terzi alle quali potrebbe essere stabilito un collegamento dal Sito, in particolare, a titolo enunciativo e non esaustivo, riguardo al loro funzionamento, accesso, dati, informazioni, file , qualit\u00e0 e affidabilit\u00e0 dei suoi prodotti e servizi, dei suoi collegamenti e\/o di qualsiasi suo contenuto, in generale. <\/span><\/p>\n<p class=\"tw-data-text tw-text-large tw-ta\" dir=\"ltr\" data-placeholder=\"Traducci\u00f3n\"><span class=\"Y2IQFc\" lang=\"ca\">La creazione di qualsiasi tipo di collegamento dal Sito Web verso un altro sito Web di terzi non implica che esista alcun tipo di rapporto, collaborazione o dipendenza tra TAGA.NET e il responsabile del sito Web di terzi.<\/span><\/p>\n<p class=\"tw-data-text tw-text-large tw-ta\" dir=\"ltr\" data-placeholder=\"Traducci\u00f3n\"><strong><span class=\"Y2IQFc\" lang=\"ca\">Collegamenti su altre pagine web al Sito <\/span><\/strong><\/p>\n<p class=\"tw-data-text tw-text-large tw-ta\" dir=\"ltr\" data-placeholder=\"Traducci\u00f3n\"><span class=\"Y2IQFc\" lang=\"ca\">Se un utente, entit\u00e0 o sito web desidera stabilire qualche tipo di collegamento al sito web, deve rispettare le seguenti disposizioni: <\/span><\/p>\n<p class=\"tw-data-text tw-text-large tw-ta\" dir=\"ltr\" data-placeholder=\"Traducci\u00f3n\"><span class=\"Y2IQFc\" lang=\"ca\">\u2022 Il collegamento deve essere assoluto e completo, ovvero deve portare l&#8217;utente, con un clic, all&#8217;indirizzo URL effettivo del Sito e deve coprire interamente l&#8217;intera estensione della schermata principale o della pagina iniziale del Sito. Sito web. <\/span><span class=\"Y2IQFc\" lang=\"ca\">In nessun caso, a meno che TAGA.NET non lo autorizzi espressamente e per iscritto, il Sito che effettua il collegamento potr\u00e0 riprodurre, in qualsiasi modo, il Sito, includerlo come parte del suo Sito o all&#8217;interno di uno dei suoi &#8220;frame&#8221; o creare un &#8221; browser&#8221; su una qualsiasi delle pagine del sito web. <\/span><\/p>\n<p class=\"tw-data-text tw-text-large tw-ta\" dir=\"ltr\" data-placeholder=\"Traducci\u00f3n\"><span class=\"Y2IQFc\" lang=\"ca\">\u2022 Sulla pagina che stabilisce il collegamento non pu\u00f2 essere indicato in alcun modo che TAGA.NET ha autorizzato questo collegamento, a meno che TAGANET non lo abbia fatto espressamente e previamente per iscritto. <\/span><span class=\"Y2IQFc\" lang=\"ca\">Se l&#8217;entit\u00e0 che collega la sua pagina al Sito vuole correttamente includere sul suo Sito il marchio, il nome, la denominazione commerciale, il segno, il logo, lo slogan o qualsiasi altro tipo di elemento identificativo di TAGA.NET e\/o del Sito, dovr\u00e0 avere preventivamente la tua espressa autorizzazione scritta.<\/span><\/p>\n<p class=\"tw-data-text tw-text-large tw-ta\" dir=\"ltr\" data-placeholder=\"Traducci\u00f3n\"><span class=\"Y2IQFc\" lang=\"ca\">\u2022 TAGA.NET non autorizza la creazione di un collegamento al Sito da quelle pagine web che contengono materiali, informazioni o contenuti illeciti, illegali, degradanti, osceni e, in generale, che contravvengono alla morale, all&#8217;ordine pubblico o alle norme sociali generalmente accettate.<\/span><\/p>\n<h6><strong> <\/strong><\/h6>\n<h6 id=\"tw-target-text\" class=\"tw-data-text tw-text-large tw-ta\" dir=\"ltr\" data-placeholder=\"Traducci\u00f3n\"><strong><span class=\"Y2IQFc\" lang=\"ca\">PRIVACY E COOKIE <\/span><\/strong><\/h6>\n<p class=\"tw-data-text tw-text-large tw-ta\" dir=\"ltr\" data-placeholder=\"Traducci\u00f3n\"><span class=\"Y2IQFc\" lang=\"ca\">La Privacy Policy e la Cookies Policy del Sito sono determinate da quanto stabilito nel documento Privacy Policy e Cookies Policy.<\/span><\/p>\n<p dir=\"ltr\" data-placeholder=\"Traducci\u00f3n\">\n<h6 class=\"tw-data-text tw-text-large tw-ta\" dir=\"ltr\" data-placeholder=\"Traducci\u00f3n\"><strong><span class=\"Y2IQFc\" lang=\"ca\">DURATA E MODIFICHE<\/span><\/strong><\/h6>\n<p class=\"tw-data-text tw-text-large tw-ta\" dir=\"ltr\" data-placeholder=\"Traducci\u00f3n\"><span class=\"Y2IQFc\" lang=\"ca\">TAGA.NET pu\u00f2 modificare i termini e le condizioni qui stipulati, in tutto o in parte, pubblicando qualsiasi modifica nello stesso modo in cui appare questa Nota Legale o attraverso qualsiasi tipo di comunicazione indirizzata agli utenti. <\/span><\/p>\n<p class=\"tw-data-text tw-text-large tw-ta\" dir=\"ltr\" data-placeholder=\"Traducci\u00f3n\"><span class=\"Y2IQFc\" lang=\"ca\">La validit\u00e0 temporanea delle presenti Note Legali coincide pertanto con il momento della sua visualizzazione, fino a quando non verranno modificate in tutto o in parte, momento in cui entrer\u00e0 in vigore la Nota Legale modificata e pubblicata su questo Sito. <\/span><\/p>\n<p class=\"tw-data-text tw-text-large tw-ta\" dir=\"ltr\" data-placeholder=\"Traducci\u00f3n\"><span class=\"Y2IQFc\" lang=\"ca\">Indipendentemente da quanto previsto nelle Condizioni Particolari, TAGA.NET potr\u00e0 terminare, sospendere o interrompere, in qualsiasi momento e senza preavviso, l&#8217;accesso ai contenuti del Sito, senza possibilit\u00e0 per l&#8217;Utente di pretendere alcun indennizzo. Dopo tale risoluzione, i divieti di utilizzo dei contenuti sopra indicati nel presente Avviso Legale rimarranno in vigore.<\/span><\/p>\n<p dir=\"ltr\" data-placeholder=\"Traducci\u00f3n\">\n<h6 class=\"tw-data-text tw-text-large tw-ta\" dir=\"ltr\" data-placeholder=\"Traducci\u00f3n\"><strong><span class=\"Y2IQFc\" lang=\"ca\">GENERALIT\u00c0 <\/span><\/strong><\/h6>\n<p class=\"tw-data-text tw-text-large tw-ta\" dir=\"ltr\" data-placeholder=\"Traducci\u00f3n\"><span class=\"Y2IQFc\" lang=\"ca\">I titoli delle diverse clausole sono solo a scopo informativo e non influenzeranno, qualificheranno o amplieranno l&#8217;interpretazione delle Note Legali. Nel caso in cui una o pi\u00f9 disposizioni del presente Avviso Legale siano considerate nulle o inapplicabili, in tutto o in parte, da qualsiasi Corte, tribunale o organo amministrativo competente, tale validit\u00e0 o inapplicabilit\u00e0 nulla non pregiudicher\u00e0 le altre disposizioni del Avviso Legale.<\/span><\/p>\n<p class=\"tw-data-text tw-text-large tw-ta\" dir=\"ltr\" data-placeholder=\"Traducci\u00f3n\"><span class=\"Y2IQFc\" lang=\"ca\">Il mancato esercizio o esecuzione da parte di TAGA.NET di qualsiasi diritto o disposizione contenuta nel presente Avviso Legale non costituir\u00e0 una rinuncia, se non riconosciuto e concordato per iscritto da parte dell&#8217;utente.<\/span><\/p>\n<p dir=\"ltr\" data-placeholder=\"Traducci\u00f3n\">\n<h6 class=\"tw-data-text tw-text-large tw-ta\" dir=\"ltr\" data-placeholder=\"Traducci\u00f3n\"><strong><span class=\"Y2IQFc\" lang=\"ca\">GIURISDIZIONE E LEGISLAZIONE APPLICABILE<\/span><\/strong><\/h6>\n<p class=\"tw-data-text tw-text-large tw-ta\" dir=\"ltr\" data-placeholder=\"Traducci\u00f3n\"><span class=\"Y2IQFc\" lang=\"ca\">Il sito TAGA.NET e i suoi contenuti saranno regolati dalle disposizioni della legislazione spagnola. I rapporti instaurati tra TAGA.NET e l&#8217;utente saranno regolati dalle norme vigenti in materia di legislazione applicabile e giurisdizione competente. Tuttavia, per i casi in cui la normativa preveda la possibilit\u00e0 per le parti di sottoporsi ad un forum, TAGA.NET e l&#8217;utente, con espressa rinuncia a qualsiasi altro foro che possa corrispondergli, sottoporranno eventuali controversie e\/o contenziosi alla conoscenza delle corti e dei tribunali della citt\u00e0 di Barcellona, \u200b\u200bessendo applicabile la legislazione spagnola.<\/span><\/p>\n\t\t\t\t\t\t<\/div>\n\t\t\t\t<\/div>\n\t\t\t\t<div class=\"elementor-element elementor-element-3b30b3b wavo-transform transform-type-translate elementor-widget elementor-widget-heading\" data-id=\"3b30b3b\" data-element_type=\"widget\" data-widget_type=\"heading.default\">\n\t\t\t\t<div class=\"elementor-widget-container\">\n\t\t\t<style>\/*! elementor - v3.15.0 - 31-07-2023 *\/\n.elementor-heading-title{padding:0;margin:0;line-height:1}.elementor-widget-heading .elementor-heading-title[class*=elementor-size-]>a{color:inherit;font-size:inherit;line-height:inherit}.elementor-widget-heading .elementor-heading-title.elementor-size-small{font-size:15px}.elementor-widget-heading .elementor-heading-title.elementor-size-medium{font-size:19px}.elementor-widget-heading .elementor-heading-title.elementor-size-large{font-size:29px}.elementor-widget-heading .elementor-heading-title.elementor-size-xl{font-size:39px}.elementor-widget-heading .elementor-heading-title.elementor-size-xxl{font-size:59px}<\/style><h2 class=\"elementor-heading-title elementor-size-default\">08201 Sabadell \/ Barcelona<br><br>17860 Sant Joan de les Abadesses<\/h2>\t\t<\/div>\n\t\t\t\t<\/div>\n\t\t\t\t\t<\/div>\n\t\t<\/div>\n\t\t\t\t\t\t\t<\/div>\n\t\t<\/section>\n\t\t\t\t\t\t\t<\/div>\n\t\t","protected":false},"excerpt":{"rendered":"<p>OGGETTO Il presente Avviso Legale regola l&#8217;accesso e l&#8217;utilizzo dei contenuti offerti da TAGA.NET attraverso i suoi siti web. TAGA.NET si riserva il diritto di modificare la presentazione, la configurazione e il contenuto del Sito e dei servizi, nonch\u00e9 le condizioni necessarie per accedervi e\/o utilizzarli. L&#8217;accesso a determinati contenuti e l&#8217;utilizzo di determinati servizi&#8230;<\/p>\n","protected":false},"author":1,"featured_media":0,"parent":0,"menu_order":0,"comment_status":"closed","ping_status":"open","template":"","meta":{"om_disable_all_campaigns":false,"_monsterinsights_skip_tracking":false,"_monsterinsights_sitenote_active":false,"_monsterinsights_sitenote_note":"","_monsterinsights_sitenote_category":0,"footnotes":""},"class_list":{"0":"post-6709","1":"page","2":"type-page","3":"status-publish","4":"hentry","5":"nt-post-class","6":"","7":"thumb-none","9":"excerpt-none"},"acf":[],"aioseo_notices":[],"_links":{"self":[{"href":"https:\/\/school.taga.net\/it\/wp-json\/wp\/v2\/pages\/6709","targetHints":{"allow":["GET"]}}],"collection":[{"href":"https:\/\/school.taga.net\/it\/wp-json\/wp\/v2\/pages"}],"about":[{"href":"https:\/\/school.taga.net\/it\/wp-json\/wp\/v2\/types\/page"}],"author":[{"embeddable":true,"href":"https:\/\/school.taga.net\/it\/wp-json\/wp\/v2\/users\/1"}],"replies":[{"embeddable":true,"href":"https:\/\/school.taga.net\/it\/wp-json\/wp\/v2\/comments?post=6709"}],"version-history":[{"count":1,"href":"https:\/\/school.taga.net\/it\/wp-json\/wp\/v2\/pages\/6709\/revisions"}],"predecessor-version":[{"id":6710,"href":"https:\/\/school.taga.net\/it\/wp-json\/wp\/v2\/pages\/6709\/revisions\/6710"}],"wp:attachment":[{"href":"https:\/\/school.taga.net\/it\/wp-json\/wp\/v2\/media?parent=6709"}],"curies":[{"name":"wp","href":"https:\/\/api.w.org\/{rel}","templated":true}]}}