{"id":6707,"date":"2023-06-30T09:13:31","date_gmt":"2023-06-30T09:13:31","guid":{"rendered":"https:\/\/school.taga.net\/accessibilita\/"},"modified":"2023-10-09T08:05:30","modified_gmt":"2023-10-09T08:05:30","slug":"accessibilita","status":"publish","type":"page","link":"https:\/\/school.taga.net\/it\/accessibilita\/","title":{"rendered":"Accessibilit\u00e0"},"content":{"rendered":"\t\t<div data-elementor-type=\"wp-page\" data-elementor-id=\"6707\" class=\"elementor elementor-6707 elementor-4782\">\n\t\t\t\t\t\t\t\t\t<section class=\"wavo-column-gap-default elementor-section elementor-top-section elementor-element elementor-element-1e68802 elementor-section-stretched nt-structure nt-structure-yes elementor-section-boxed elementor-section-height-default elementor-section-height-default\" data-id=\"1e68802\" data-element_type=\"section\" data-settings=\"{&quot;stretch_section&quot;:&quot;section-stretched&quot;}\">\n\t\t\t\t\t\t<div class=\"elementor-container elementor-column-gap-default\">\n\t\t\t\t\t<div class=\"elementor-column elementor-col-100 elementor-top-column elementor-element elementor-element-a2d2b93\" data-id=\"a2d2b93\" data-element_type=\"column\">\n\t\t\t<div class=\"elementor-widget-wrap elementor-element-populated\">\n\t\t\t\t\t\t\t\t<div class=\"elementor-element elementor-element-39448d7 elementor-widget__width-initial elementor-widget elementor-widget-text-editor\" data-id=\"39448d7\" data-element_type=\"widget\" data-widget_type=\"text-editor.default\">\n\t\t\t\t<div class=\"elementor-widget-container\">\n\t\t\t<style>\/*! elementor - v3.15.0 - 31-07-2023 *\/\n.elementor-widget-text-editor.elementor-drop-cap-view-stacked .elementor-drop-cap{background-color:#69727d;color:#fff}.elementor-widget-text-editor.elementor-drop-cap-view-framed .elementor-drop-cap{color:#69727d;border:3px solid;background-color:transparent}.elementor-widget-text-editor:not(.elementor-drop-cap-view-default) .elementor-drop-cap{margin-top:8px}.elementor-widget-text-editor:not(.elementor-drop-cap-view-default) .elementor-drop-cap-letter{width:1em;height:1em}.elementor-widget-text-editor .elementor-drop-cap{float:left;text-align:center;line-height:1;font-size:50px}.elementor-widget-text-editor .elementor-drop-cap-letter{display:inline-block}<\/style>\t\t\t\t<h6 id=\"tw-target-text\" class=\"tw-data-text tw-text-large tw-ta\" dir=\"ltr\" data-placeholder=\"Traducci\u00f3n\"><strong><span class=\"Y2IQFc\" lang=\"ca\">Dichiarazione di accessibilit\u00e0<\/span><\/strong><\/h6>\n<p class=\"tw-data-text tw-text-large tw-ta\" dir=\"ltr\" data-placeholder=\"Traducci\u00f3n\"><span class=\"Y2IQFc\" lang=\"ca\">TAGA.NET si \u00e8 impegnata a rendere accessibili i suoi siti web, in conformit\u00e0 con il Regio Decreto 1112\/2018, del 7 settembre, sull&#8217;accessibilit\u00e0 dei siti web e delle applicazioni per dispositivi mobili del settore pubblico, con il quale si trasferisce alla Direttiva sull&#8217;ordinamento giuridico spagnolo ( UE) 2016\/2102 del Parlamento Europeo e del Consiglio. La presente dichiarazione di accessibilit\u00e0 si applica al portale istituzionale www.taga.net<\/span><\/p>\n<p dir=\"ltr\" data-placeholder=\"Traducci\u00f3n\">\n<h6 class=\"tw-data-text tw-text-large tw-ta\" dir=\"ltr\" data-placeholder=\"Traducci\u00f3n\"><strong><span class=\"Y2IQFc\" lang=\"ca\">Stato di conformit\u00e0 <\/span><\/strong><\/h6>\n<p class=\"tw-data-text tw-text-large tw-ta\" dir=\"ltr\" data-placeholder=\"Traducci\u00f3n\"><span class=\"Y2IQFc\" lang=\"ca\">Questo sito web \u00e8 parzialmente conforme al RD 1112\/2018 a causa delle eccezioni e della non conformit\u00e0 degli aspetti indicati di seguito.<\/span><\/p>\n<p dir=\"ltr\" data-placeholder=\"Traducci\u00f3n\">\n<h6 class=\"tw-data-text tw-text-large tw-ta\" dir=\"ltr\" data-placeholder=\"Traducci\u00f3n\"><strong><span class=\"Y2IQFc\" lang=\"ca\">Contenuto non accessibile <\/span><\/strong><\/h6>\n<p class=\"tw-data-text tw-text-large tw-ta\" dir=\"ltr\" data-placeholder=\"Traducci\u00f3n\"><span class=\"Y2IQFc\" lang=\"ca\">Il contenuto raccolto di seguito non \u00e8 accessibile da:<\/span><\/p>\n<p class=\"tw-data-text tw-text-large tw-ta\" dir=\"ltr\" data-placeholder=\"Traducci\u00f3n\"><strong><span class=\"Y2IQFc\" lang=\"ca\">\u2013 Mancato rispetto del RD 1112\/2018 <\/span><\/strong><\/p>\n<p class=\"tw-data-text tw-text-large tw-ta\" dir=\"ltr\" data-placeholder=\"Traducci\u00f3n\"><span class=\"Y2IQFc\" lang=\"ca\">1. A causa dell&#8217;automazione di alcuni post potrebbero esserci pagine con indicizzazione dei tag HTML errata.<\/span><\/p>\n<p class=\"tw-data-text tw-text-large tw-ta\" dir=\"ltr\" data-placeholder=\"Traducci\u00f3n\"><span class=\"Y2IQFc\" lang=\"ca\">2. Potrebbero verificarsi errori di modifica occasionali su alcune pagine web. <\/span><\/p>\n<p class=\"tw-data-text tw-text-large tw-ta\" dir=\"ltr\" data-placeholder=\"Traducci\u00f3n\"><strong><span class=\"Y2IQFc\" lang=\"ca\">-Carico sproporzionato <\/span><\/strong><\/p>\n<p class=\"tw-data-text tw-text-large tw-ta\" dir=\"ltr\" data-placeholder=\"Traducci\u00f3n\"><span class=\"Y2IQFc\" lang=\"ca\">1. Non si applica. <\/span><\/p>\n<p class=\"tw-data-text tw-text-large tw-ta\" dir=\"ltr\" data-placeholder=\"Traducci\u00f3n\"><strong><span class=\"Y2IQFc\" lang=\"ca\">-Contenuti che non rientrano nell&#8217;ambito della legislazione applicabile<\/span><\/strong><\/p>\n<p class=\"tw-data-text tw-text-large tw-ta\" dir=\"ltr\" data-placeholder=\"Traducci\u00f3n\"><span class=\"Y2IQFc\" lang=\"ca\">1. File Office in PDF o altri formati, nonch\u00e9 applicazioni pubblicate prima del 20 settembre 2018 che non soddisfano pienamente tutti i requisiti di accessibilit\u00e0. <\/span><\/p>\n<p class=\"tw-data-text tw-text-large tw-ta\" dir=\"ltr\" data-placeholder=\"Traducci\u00f3n\"><span class=\"Y2IQFc\" lang=\"ca\">2. Contenuti multimediali dal vivo. <\/span><\/p>\n<p class=\"tw-data-text tw-text-large tw-ta\" dir=\"ltr\" data-placeholder=\"Traducci\u00f3n\"><span class=\"Y2IQFc\" lang=\"ca\">3. Contenuti multimediali preregistrati in via temporanea della sessione plenaria e delle conferenze stampa, o pubblicati prima dell&#8217;entrata in vigore del Regio Decreto. <\/span><\/p>\n<p class=\"tw-data-text tw-text-large tw-ta\" dir=\"ltr\" data-placeholder=\"Traducci\u00f3n\"><span class=\"Y2IQFc\" lang=\"ca\">4. Servizi di mappe e cartografia online. Preparazione della presente dichiarazione sull&#8217;accessibilit\u00e0 La presente dichiarazione \u00e8 stata redatta il 28 ottobre 2019 e si basa sui rapporti sull&#8217;accessibilit\u00e0 web dell&#8217;Osservatorio Accessibilit\u00e0. <\/span><\/p>\n<p class=\"tw-data-text tw-text-large tw-ta\" dir=\"ltr\" data-placeholder=\"Traducci\u00f3n\"><span class=\"Y2IQFc\" lang=\"ca\">La data dell&#8217;ultima revisione era il 29 settembre 2020.<\/span><\/p>\n<p dir=\"ltr\" data-placeholder=\"Traducci\u00f3n\">\n<h6 id=\"tw-target-text\" class=\"tw-data-text tw-text-large tw-ta\" dir=\"ltr\" data-placeholder=\"Traducci\u00f3n\"><strong><span class=\"Y2IQFc\" lang=\"ca\">Osservazioni e contatti <\/span><\/strong><\/h6>\n<p class=\"tw-data-text tw-text-large tw-ta\" dir=\"ltr\" data-placeholder=\"Traducci\u00f3n\"><span class=\"Y2IQFc\" lang=\"ca\">\u00c8 possibile effettuare comunicazioni sui requisiti di accessibilit\u00e0 (articolo 10.2 del RD 1112\/2018) come: segnalare eventuali non conformit\u00e0 da parte di questo sito Web trasmettere altre difficolt\u00e0 di accesso al contenuto formulare qualsiasi altra domanda o suggerimento per migliorare l&#8217;accessibilit\u00e0 del sito Web attraverso il modulo di contatto di questo sito.<\/span><\/p>\n<p class=\"tw-data-text tw-text-large tw-ta\" dir=\"ltr\" data-placeholder=\"Traducci\u00f3n\"><span class=\"Y2IQFc\" lang=\"ca\">Le comunicazioni saranno ricevute e trattate dal Servizio Informatica.<\/span><\/p>\n<p dir=\"ltr\" data-placeholder=\"Traducci\u00f3n\">\n<h6 class=\"tw-data-text tw-text-large tw-ta\" dir=\"ltr\" data-placeholder=\"Traducci\u00f3n\"><strong><span class=\"Y2IQFc\" lang=\"ca\">Procedura di richiesta<\/span><\/strong><\/h6>\n<p class=\"tw-data-text tw-text-large tw-ta\" dir=\"ltr\" data-placeholder=\"Traducci\u00f3n\"><span class=\"Y2IQFc\" lang=\"ca\">Verr\u00e0 posta in essere una procedura esecutiva adeguata ed efficace a cui ricorrere nel caso in cui la risposta alla comunicazione alla richiesta sia insoddisfacente. <\/span><\/p>\n<p dir=\"ltr\" data-placeholder=\"Traducci\u00f3n\">\n<h6 class=\"tw-data-text tw-text-large tw-ta\" dir=\"ltr\" data-placeholder=\"Traducci\u00f3n\"><strong><span class=\"Y2IQFc\" lang=\"ca\"> Contenuto facoltativo <\/span><\/strong><\/h6>\n<p class=\"tw-data-text tw-text-large tw-ta\" dir=\"ltr\" data-placeholder=\"Traducci\u00f3n\"><span class=\"Y2IQFc\" lang=\"ca\">Questo sito web: <\/span><\/p>\n<p class=\"tw-data-text tw-text-large tw-ta\" dir=\"ltr\" data-placeholder=\"Traducci\u00f3n\"><span class=\"Y2IQFc\" lang=\"ca\">\u00c8 stato progettato per adattarsi agli standard e alle normative vigenti in materia di accessibilit\u00e0, rispettando i punti di verifica di priorit\u00e0 2 (AA) definiti nella specifica delle Linee guida per l&#8217;accessibilit\u00e0 dei contenuti Web (WCAG 2.1).<\/span><\/p>\n<p class=\"tw-data-text tw-text-large tw-ta\" dir=\"ltr\" data-placeholder=\"Traducci\u00f3n\"><span class=\"Y2IQFc\" lang=\"ca\">Soddisfa i requisiti della norma UNE-EN 301549 v1.1.2:2015, considerando le eccezioni del Regio Decreto 1112\/2018. \u00c8 progettato per una corretta visualizzazione su desktop, tablet e dispositivi mobili con una risoluzione minima di 1280\u00d71024. <\/span><\/p>\n<p class=\"tw-data-text tw-text-large tw-ta\" dir=\"ltr\" data-placeholder=\"Traducci\u00f3n\"><span class=\"Y2IQFc\" lang=\"ca\">\u00c8 stato realizzato utilizzando HTML5 come linguaggio di markup e fogli di stile CSS 3 per il design. \u00c8 progettato per l&#8217;uso con Javascript non intrusivo offrendo, nel caso in cui il tuo browser non lo supporti, la corrispondente alternativa non Javascript.<\/span><\/p>\n<p class=\"tw-data-text tw-text-large tw-ta\" dir=\"ltr\" data-placeholder=\"Traducci\u00f3n\"><span class=\"Y2IQFc\" lang=\"ca\"> <\/span><\/p>\n\t\t\t\t\t\t<\/div>\n\t\t\t\t<\/div>\n\t\t\t\t<div class=\"elementor-element elementor-element-3b30b3b wavo-transform transform-type-translate elementor-widget elementor-widget-heading\" data-id=\"3b30b3b\" data-element_type=\"widget\" data-widget_type=\"heading.default\">\n\t\t\t\t<div class=\"elementor-widget-container\">\n\t\t\t<style>\/*! elementor - v3.15.0 - 31-07-2023 *\/\n.elementor-heading-title{padding:0;margin:0;line-height:1}.elementor-widget-heading .elementor-heading-title[class*=elementor-size-]>a{color:inherit;font-size:inherit;line-height:inherit}.elementor-widget-heading .elementor-heading-title.elementor-size-small{font-size:15px}.elementor-widget-heading .elementor-heading-title.elementor-size-medium{font-size:19px}.elementor-widget-heading .elementor-heading-title.elementor-size-large{font-size:29px}.elementor-widget-heading .elementor-heading-title.elementor-size-xl{font-size:39px}.elementor-widget-heading .elementor-heading-title.elementor-size-xxl{font-size:59px}<\/style><h2 class=\"elementor-heading-title elementor-size-default\">08201 Sabadell \/ Barcelona<br><br>17860 Sant Joan de les Abadesses<\/h2>\t\t<\/div>\n\t\t\t\t<\/div>\n\t\t\t\t\t<\/div>\n\t\t<\/div>\n\t\t\t\t\t\t\t<\/div>\n\t\t<\/section>\n\t\t\t\t\t\t\t<\/div>\n\t\t","protected":false},"excerpt":{"rendered":"<p>Dichiarazione di accessibilit\u00e0 TAGA.NET si \u00e8 impegnata a rendere accessibili i suoi siti web, in conformit\u00e0 con il Regio Decreto 1112\/2018, del 7 settembre, sull&#8217;accessibilit\u00e0 dei siti web e delle applicazioni per dispositivi mobili del settore pubblico, con il quale si trasferisce alla Direttiva sull&#8217;ordinamento giuridico spagnolo ( UE) 2016\/2102 del Parlamento Europeo e del&#8230;<\/p>\n","protected":false},"author":1,"featured_media":0,"parent":0,"menu_order":0,"comment_status":"closed","ping_status":"open","template":"","meta":{"om_disable_all_campaigns":false,"_monsterinsights_skip_tracking":false,"_monsterinsights_sitenote_active":false,"_monsterinsights_sitenote_note":"","_monsterinsights_sitenote_category":0,"footnotes":""},"class_list":{"0":"post-6707","1":"page","2":"type-page","3":"status-publish","4":"hentry","5":"nt-post-class","6":"","7":"thumb-none","9":"excerpt-none"},"acf":[],"aioseo_notices":[],"_links":{"self":[{"href":"https:\/\/school.taga.net\/it\/wp-json\/wp\/v2\/pages\/6707","targetHints":{"allow":["GET"]}}],"collection":[{"href":"https:\/\/school.taga.net\/it\/wp-json\/wp\/v2\/pages"}],"about":[{"href":"https:\/\/school.taga.net\/it\/wp-json\/wp\/v2\/types\/page"}],"author":[{"embeddable":true,"href":"https:\/\/school.taga.net\/it\/wp-json\/wp\/v2\/users\/1"}],"replies":[{"embeddable":true,"href":"https:\/\/school.taga.net\/it\/wp-json\/wp\/v2\/comments?post=6707"}],"version-history":[{"count":1,"href":"https:\/\/school.taga.net\/it\/wp-json\/wp\/v2\/pages\/6707\/revisions"}],"predecessor-version":[{"id":6708,"href":"https:\/\/school.taga.net\/it\/wp-json\/wp\/v2\/pages\/6707\/revisions\/6708"}],"wp:attachment":[{"href":"https:\/\/school.taga.net\/it\/wp-json\/wp\/v2\/media?parent=6707"}],"curies":[{"name":"wp","href":"https:\/\/api.w.org\/{rel}","templated":true}]}}