{"id":4782,"date":"2023-06-30T09:13:31","date_gmt":"2023-06-30T09:13:31","guid":{"rendered":"http:\/\/school.taga.net\/?page_id=4782"},"modified":"2023-08-02T12:40:27","modified_gmt":"2023-08-02T12:40:27","slug":"accessibilitat","status":"publish","type":"page","link":"https:\/\/school.taga.net\/ca\/accessibilitat\/","title":{"rendered":"Accessibilitat"},"content":{"rendered":"\t\t<div data-elementor-type=\"wp-page\" data-elementor-id=\"4782\" class=\"elementor elementor-4782\">\n\t\t\t\t\t\t\t\t\t<section class=\"wavo-column-gap-default elementor-section elementor-top-section elementor-element elementor-element-1e68802 elementor-section-stretched nt-structure nt-structure-yes elementor-section-boxed elementor-section-height-default elementor-section-height-default\" data-id=\"1e68802\" data-element_type=\"section\" data-settings=\"{&quot;stretch_section&quot;:&quot;section-stretched&quot;}\">\n\t\t\t\t\t\t<div class=\"elementor-container elementor-column-gap-default\">\n\t\t\t\t\t<div class=\"elementor-column elementor-col-100 elementor-top-column elementor-element elementor-element-a2d2b93\" data-id=\"a2d2b93\" data-element_type=\"column\">\n\t\t\t<div class=\"elementor-widget-wrap elementor-element-populated\">\n\t\t\t\t\t\t\t\t<div class=\"elementor-element elementor-element-39448d7 elementor-widget__width-initial elementor-widget elementor-widget-text-editor\" data-id=\"39448d7\" data-element_type=\"widget\" data-widget_type=\"text-editor.default\">\n\t\t\t\t<div class=\"elementor-widget-container\">\n\t\t\t<style>\/*! elementor - v3.15.0 - 31-07-2023 *\/\n.elementor-widget-text-editor.elementor-drop-cap-view-stacked .elementor-drop-cap{background-color:#69727d;color:#fff}.elementor-widget-text-editor.elementor-drop-cap-view-framed .elementor-drop-cap{color:#69727d;border:3px solid;background-color:transparent}.elementor-widget-text-editor:not(.elementor-drop-cap-view-default) .elementor-drop-cap{margin-top:8px}.elementor-widget-text-editor:not(.elementor-drop-cap-view-default) .elementor-drop-cap-letter{width:1em;height:1em}.elementor-widget-text-editor .elementor-drop-cap{float:left;text-align:center;line-height:1;font-size:50px}.elementor-widget-text-editor .elementor-drop-cap-letter{display:inline-block}<\/style>\t\t\t\t<h6 id=\"tw-target-text\" class=\"tw-data-text tw-text-large tw-ta\" dir=\"ltr\" data-placeholder=\"Traducci\u00f3n\"><strong><span class=\"Y2IQFc\" lang=\"ca\">Declaraci\u00f3 d&#8217;accessibilitat<\/span><\/strong><\/h6><p class=\"tw-data-text tw-text-large tw-ta\" dir=\"ltr\" data-placeholder=\"Traducci\u00f3n\"><span class=\"Y2IQFc\" lang=\"ca\">TAGA.NET s&#8217;ha comprom\u00e8s a fer accessibles els seus llocs web, de conformitat amb el Reial decret 1112\/2018, de 7 de setembre, sobre accessibilitat dels llocs web i aplicacions per a dispositius m\u00f2bils del sector p\u00fablic, per la qual es trasllada a l&#8217;ordenament jur\u00eddic espanyol la Directiva (UE) 2016\/2102 del Parlament Europeu i del Consell. Aquesta declaraci\u00f3 d&#8217;accessibilitat s&#8217;aplica al portal institucional www.taga.net<\/span><\/p><p dir=\"ltr\" data-placeholder=\"Traducci\u00f3n\">\u00a0<\/p><h6 class=\"tw-data-text tw-text-large tw-ta\" dir=\"ltr\" data-placeholder=\"Traducci\u00f3n\"><strong><span class=\"Y2IQFc\" lang=\"ca\">Situaci\u00f3 de compliment <\/span><\/strong><\/h6><p class=\"tw-data-text tw-text-large tw-ta\" dir=\"ltr\" data-placeholder=\"Traducci\u00f3n\"><span class=\"Y2IQFc\" lang=\"ca\">Aquest lloc web \u00e9s parcialment conforme amb el RD 1112\/2018 a causa de les excepcions i la manca de conformitat dels aspectes que s&#8217;indiquen a continuaci\u00f3.<\/span><\/p><p dir=\"ltr\" data-placeholder=\"Traducci\u00f3n\">\u00a0<\/p><h6 class=\"tw-data-text tw-text-large tw-ta\" dir=\"ltr\" data-placeholder=\"Traducci\u00f3n\"><strong><span class=\"Y2IQFc\" lang=\"ca\">Contingut no accessible <\/span><\/strong><\/h6><p class=\"tw-data-text tw-text-large tw-ta\" dir=\"ltr\" data-placeholder=\"Traducci\u00f3n\"><span class=\"Y2IQFc\" lang=\"ca\">El contingut que es recull a continuaci\u00f3 no \u00e9s accessible pel seg\u00fcent:<\/span><\/p><p class=\"tw-data-text tw-text-large tw-ta\" dir=\"ltr\" data-placeholder=\"Traducci\u00f3n\"><strong><span class=\"Y2IQFc\" lang=\"ca\">\u2013 Manca de conformitat amb el RD 1112\/2018 <\/span><\/strong><\/p><p class=\"tw-data-text tw-text-large tw-ta\" dir=\"ltr\" data-placeholder=\"Traducci\u00f3n\"><span class=\"Y2IQFc\" lang=\"ca\">1. A causa de l&#8217;automatitzaci\u00f3 d&#8217;algunes de les publicacions podrien existir p\u00e0gines amb un indexat incorrecte d&#8217;etiquetes HTML.<\/span><\/p><p class=\"tw-data-text tw-text-large tw-ta\" dir=\"ltr\" data-placeholder=\"Traducci\u00f3n\"><span class=\"Y2IQFc\" lang=\"ca\">2. Podrien existir errors puntuals d&#8217;edici\u00f3 en alguna p\u00e0gina web. <\/span><\/p><p class=\"tw-data-text tw-text-large tw-ta\" dir=\"ltr\" data-placeholder=\"Traducci\u00f3n\"><strong><span class=\"Y2IQFc\" lang=\"ca\">-C\u00e0rrega desproporcionada <\/span><\/strong><\/p><p class=\"tw-data-text tw-text-large tw-ta\" dir=\"ltr\" data-placeholder=\"Traducci\u00f3n\"><span class=\"Y2IQFc\" lang=\"ca\">1.No aplica. <\/span><\/p><p class=\"tw-data-text tw-text-large tw-ta\" dir=\"ltr\" data-placeholder=\"Traducci\u00f3n\"><strong><span class=\"Y2IQFc\" lang=\"ca\">-Contingut que no entra dins de l&#8217;\u00e0mbit de la legislaci\u00f3 aplicable<\/span><\/strong><\/p><p class=\"tw-data-text tw-text-large tw-ta\" dir=\"ltr\" data-placeholder=\"Traducci\u00f3n\"><span class=\"Y2IQFc\" lang=\"ca\">1.Fitxers ofim\u00e0tics en PDF o altres formats, aix\u00ed com aplicacions publicades abans del 20 de setembre de 2018 que no compleixin totalment tots els requisits d&#8217;accessibilitat.\u00a0<\/span><\/p><p class=\"tw-data-text tw-text-large tw-ta\" dir=\"ltr\" data-placeholder=\"Traducci\u00f3n\"><span class=\"Y2IQFc\" lang=\"ca\">2.Continguts multim\u00e8dia en directe. <\/span><\/p><p class=\"tw-data-text tw-text-large tw-ta\" dir=\"ltr\" data-placeholder=\"Traducci\u00f3n\"><span class=\"Y2IQFc\" lang=\"ca\">3.Contingut multim\u00e8dia pregravat de base temporal del ple i rodes de premsa, o publicat abans de lentrada en vigor del Reial decret. <\/span><\/p><p class=\"tw-data-text tw-text-large tw-ta\" dir=\"ltr\" data-placeholder=\"Traducci\u00f3n\"><span class=\"Y2IQFc\" lang=\"ca\">4.Serveis de mapa i cartografia en l\u00ednia. Preparaci\u00f3 d&#8217;aquesta declaraci\u00f3 d&#8217;accessibilitat Aquesta declaraci\u00f3 es va preparar el 28 d&#8217;octubre de 2019 i es basa en els informes d&#8217;accessibilitat web de l&#8217;Observatori d&#8217;Accessibilitat. <\/span><\/p><p class=\"tw-data-text tw-text-large tw-ta\" dir=\"ltr\" data-placeholder=\"Traducci\u00f3n\"><span class=\"Y2IQFc\" lang=\"ca\">La data de la darrera revisi\u00f3 ha estat el 29 de setembre de 2020.<\/span><\/p><p dir=\"ltr\" data-placeholder=\"Traducci\u00f3n\">\u00a0<\/p><h6 id=\"tw-target-text\" class=\"tw-data-text tw-text-large tw-ta\" dir=\"ltr\" data-placeholder=\"Traducci\u00f3n\"><strong><span class=\"Y2IQFc\" lang=\"ca\">Observacions i dades de contacte <\/span><\/strong><\/h6><p class=\"tw-data-text tw-text-large tw-ta\" dir=\"ltr\" data-placeholder=\"Traducci\u00f3n\"><span class=\"Y2IQFc\" lang=\"ca\">Podeu realitzar comunicacions sobre requisits d&#8217;accessibilitat (article 10.2 del RD 1112\/2018) com ara: informar sobre qualsevol possible incompliment per part d&#8217;aquest lloc web transmetre altres dificultats d&#8217;acc\u00e9s al contingut formular qualsevol altra consulta o suggeriment de millora relativa a laccessibilitat del lloc web a trav\u00e9s del formulari de contacte daquest lloc web.<\/span><\/p><p class=\"tw-data-text tw-text-large tw-ta\" dir=\"ltr\" data-placeholder=\"Traducci\u00f3n\"><span class=\"Y2IQFc\" lang=\"ca\">Les comunicacions seran rebudes i tractades pel Servei de Tecnologies de la Informaci\u00f3.<\/span><\/p><p dir=\"ltr\" data-placeholder=\"Traducci\u00f3n\">\u00a0<\/p><h6 class=\"tw-data-text tw-text-large tw-ta\" dir=\"ltr\" data-placeholder=\"Traducci\u00f3n\"><strong><span class=\"Y2IQFc\" lang=\"ca\">Procediment d&#8217;aplicaci\u00f3<\/span><\/strong><\/h6><p class=\"tw-data-text tw-text-large tw-ta\" dir=\"ltr\" data-placeholder=\"Traducci\u00f3n\"><span class=\"Y2IQFc\" lang=\"ca\">S&#8217;engegar\u00e0 un procediment d&#8217;aplicaci\u00f3 adequat i efica\u00e7 al qual s&#8217;ha de rec\u00f3rrer en cas que la resposta a la comunicaci\u00f3 a la sol\u00b7licitud sigui insatisfact\u00f2ria.\u00a0<\/span><\/p><p dir=\"ltr\" data-placeholder=\"Traducci\u00f3n\">\u00a0<\/p><h6 class=\"tw-data-text tw-text-large tw-ta\" dir=\"ltr\" data-placeholder=\"Traducci\u00f3n\"><strong><span class=\"Y2IQFc\" lang=\"ca\"> Contingut opcional <\/span><\/strong><\/h6><p class=\"tw-data-text tw-text-large tw-ta\" dir=\"ltr\" data-placeholder=\"Traducci\u00f3n\"><span class=\"Y2IQFc\" lang=\"ca\">Aquest lloc web: <\/span><\/p><p class=\"tw-data-text tw-text-large tw-ta\" dir=\"ltr\" data-placeholder=\"Traducci\u00f3n\"><span class=\"Y2IQFc\" lang=\"ca\">S&#8217;ha dissenyat adaptant-se als est\u00e0ndards i normatives vigents en relaci\u00f3 amb l&#8217;accessibilitat, complint amb els punts de verificaci\u00f3 de prioritat 2 (AA) definits a l&#8217;especificaci\u00f3 de Pautes d&#8217;Accessibilitat al Contingut a la Web (WCAG 2.1).<\/span><\/p><p class=\"tw-data-text tw-text-large tw-ta\" dir=\"ltr\" data-placeholder=\"Traducci\u00f3n\"><span class=\"Y2IQFc\" lang=\"ca\">Compleix els requisits de la Norma UNE-EN 301549 v1.1.2:2015, considerant les excepcions del Reial decret 1112\/2018. Est\u00e0 dissenyat per a la seva correcta visualitzaci\u00f3 en dispositius descriptori, tablet i m\u00f2bils per a una resoluci\u00f3 m\u00ednima de 1280\u00d71024. <\/span><\/p><p class=\"tw-data-text tw-text-large tw-ta\" dir=\"ltr\" data-placeholder=\"Traducci\u00f3n\"><span class=\"Y2IQFc\" lang=\"ca\">S&#8217;ha realitzat utilitzant HTML5 com a llenguatge de marcatge i fulls d&#8217;estil CSS 3 pel disseny. Est\u00e0 dissenyat per al seu \u00fas amb javascript no intrusiu oferint, en el cas que el vostre navegador no ho suporti, la seva corresponent alternativa no javascript.<\/span><\/p><p class=\"tw-data-text tw-text-large tw-ta\" dir=\"ltr\" data-placeholder=\"Traducci\u00f3n\"><span class=\"Y2IQFc\" lang=\"ca\">\u00a0<\/span><\/p>\t\t\t\t\t\t<\/div>\n\t\t\t\t<\/div>\n\t\t\t\t<div class=\"elementor-element elementor-element-3b30b3b wavo-transform transform-type-translate elementor-widget elementor-widget-heading\" data-id=\"3b30b3b\" data-element_type=\"widget\" data-widget_type=\"heading.default\">\n\t\t\t\t<div class=\"elementor-widget-container\">\n\t\t\t<style>\/*! elementor - v3.15.0 - 31-07-2023 *\/\n.elementor-heading-title{padding:0;margin:0;line-height:1}.elementor-widget-heading .elementor-heading-title[class*=elementor-size-]>a{color:inherit;font-size:inherit;line-height:inherit}.elementor-widget-heading .elementor-heading-title.elementor-size-small{font-size:15px}.elementor-widget-heading .elementor-heading-title.elementor-size-medium{font-size:19px}.elementor-widget-heading .elementor-heading-title.elementor-size-large{font-size:29px}.elementor-widget-heading .elementor-heading-title.elementor-size-xl{font-size:39px}.elementor-widget-heading .elementor-heading-title.elementor-size-xxl{font-size:59px}<\/style><h2 class=\"elementor-heading-title elementor-size-default\">08201 Sabadell \/ Barcelona<br><br>17860 Sant Joan de les Abadesses<\/h2>\t\t<\/div>\n\t\t\t\t<\/div>\n\t\t\t\t\t<\/div>\n\t\t<\/div>\n\t\t\t\t\t\t\t<\/div>\n\t\t<\/section>\n\t\t\t\t\t\t\t<\/div>\n\t\t","protected":false},"excerpt":{"rendered":"<p>Declaraci\u00f3 d&#8217;accessibilitat TAGA.NET s&#8217;ha comprom\u00e8s a fer accessibles els seus llocs web, de conformitat amb el Reial decret 1112\/2018, de 7 de setembre, sobre accessibilitat dels llocs web i aplicacions per a dispositius m\u00f2bils del sector p\u00fablic, per la qual es trasllada a l&#8217;ordenament jur\u00eddic espanyol la Directiva (UE) 2016\/2102 del Parlament Europeu i del&#8230;<\/p>\n","protected":false},"author":1,"featured_media":0,"parent":0,"menu_order":0,"comment_status":"closed","ping_status":"open","template":"","meta":{"om_disable_all_campaigns":false,"_monsterinsights_skip_tracking":false,"_monsterinsights_sitenote_active":false,"_monsterinsights_sitenote_note":"","_monsterinsights_sitenote_category":0,"footnotes":""},"class_list":{"0":"post-4782","1":"page","2":"type-page","3":"status-publish","4":"hentry","5":"nt-post-class","6":"","7":"thumb-none","9":"excerpt-none"},"acf":[],"aioseo_notices":[],"_links":{"self":[{"href":"https:\/\/school.taga.net\/ca\/wp-json\/wp\/v2\/pages\/4782","targetHints":{"allow":["GET"]}}],"collection":[{"href":"https:\/\/school.taga.net\/ca\/wp-json\/wp\/v2\/pages"}],"about":[{"href":"https:\/\/school.taga.net\/ca\/wp-json\/wp\/v2\/types\/page"}],"author":[{"embeddable":true,"href":"https:\/\/school.taga.net\/ca\/wp-json\/wp\/v2\/users\/1"}],"replies":[{"embeddable":true,"href":"https:\/\/school.taga.net\/ca\/wp-json\/wp\/v2\/comments?post=4782"}],"version-history":[{"count":13,"href":"https:\/\/school.taga.net\/ca\/wp-json\/wp\/v2\/pages\/4782\/revisions"}],"predecessor-version":[{"id":5769,"href":"https:\/\/school.taga.net\/ca\/wp-json\/wp\/v2\/pages\/4782\/revisions\/5769"}],"wp:attachment":[{"href":"https:\/\/school.taga.net\/ca\/wp-json\/wp\/v2\/media?parent=4782"}],"curies":[{"name":"wp","href":"https:\/\/api.w.org\/{rel}","templated":true}]}}