{"id":4773,"date":"2023-06-30T08:43:23","date_gmt":"2023-06-30T08:43:23","guid":{"rendered":"http:\/\/school.taga.net\/?page_id=4773"},"modified":"2023-08-02T12:37:53","modified_gmt":"2023-08-02T12:37:53","slug":"avis-legal","status":"publish","type":"page","link":"https:\/\/school.taga.net\/ca\/avis-legal\/","title":{"rendered":"Av\u00eds legal"},"content":{"rendered":"\t\t<div data-elementor-type=\"wp-page\" data-elementor-id=\"4773\" class=\"elementor elementor-4773\">\n\t\t\t\t\t\t\t\t\t<section class=\"wavo-column-gap-default elementor-section elementor-top-section elementor-element elementor-element-1e68802 elementor-section-stretched nt-structure nt-structure-yes elementor-section-boxed elementor-section-height-default elementor-section-height-default\" data-id=\"1e68802\" data-element_type=\"section\" data-settings=\"{&quot;stretch_section&quot;:&quot;section-stretched&quot;}\">\n\t\t\t\t\t\t<div class=\"elementor-container elementor-column-gap-default\">\n\t\t\t\t\t<div class=\"elementor-column elementor-col-100 elementor-top-column elementor-element elementor-element-a2d2b93\" data-id=\"a2d2b93\" data-element_type=\"column\">\n\t\t\t<div class=\"elementor-widget-wrap elementor-element-populated\">\n\t\t\t\t\t\t\t\t<div class=\"elementor-element elementor-element-39448d7 elementor-widget__width-initial elementor-widget elementor-widget-text-editor\" data-id=\"39448d7\" data-element_type=\"widget\" data-widget_type=\"text-editor.default\">\n\t\t\t\t<div class=\"elementor-widget-container\">\n\t\t\t<style>\/*! elementor - v3.15.0 - 31-07-2023 *\/\n.elementor-widget-text-editor.elementor-drop-cap-view-stacked .elementor-drop-cap{background-color:#69727d;color:#fff}.elementor-widget-text-editor.elementor-drop-cap-view-framed .elementor-drop-cap{color:#69727d;border:3px solid;background-color:transparent}.elementor-widget-text-editor:not(.elementor-drop-cap-view-default) .elementor-drop-cap{margin-top:8px}.elementor-widget-text-editor:not(.elementor-drop-cap-view-default) .elementor-drop-cap-letter{width:1em;height:1em}.elementor-widget-text-editor .elementor-drop-cap{float:left;text-align:center;line-height:1;font-size:50px}.elementor-widget-text-editor .elementor-drop-cap-letter{display:inline-block}<\/style>\t\t\t\t<h6 dir=\"ltr\" data-placeholder=\"Traducci\u00f3n\"><strong><span lang=\"ca\">OBJECTE <\/span><\/strong><\/h6><p dir=\"ltr\" data-placeholder=\"Traducci\u00f3n\"><span lang=\"ca\">Aquest Av\u00eds legal regula l&#8217;acc\u00e9s i l&#8217;\u00fas als continguts oferts per TAGA.NET a trav\u00e9s dels seus llocs web. TAGA.NET\u00a0 es reserva el dret a modificar la presentaci\u00f3, configuraci\u00f3 i contingut del Lloc Web i dels serveis, aix\u00ed com tamb\u00e9 les condicions requerides per accedir-hi i\/o utilitzaci\u00f3. L&#8217;acc\u00e9s a determinats continguts i la utilitzaci\u00f3 de determinats serveis es poden trobar sotmesos a determinades Condicions espec\u00edfiques, que, segons els casos, substituiran, completaran i\/o modificaran el present Av\u00eds legal, o les Condicions generals.\u00a0<\/span><\/p><p dir=\"ltr\" data-placeholder=\"Traducci\u00f3n\"><span lang=\"ca\">Les condicions espec\u00edfiques prevaldran sobre les Condicions Generals quan hi hagi contradicci\u00f3 entre ambdues. El simple acc\u00e9s, navegaci\u00f3 i \u00fas del Lloc Web comporta i suposa l&#8217;acceptaci\u00f3 per l&#8217;usuari de l&#8217;Av\u00eds legal vigent a cada moment. En aquest sentit, s&#8217;entendr\u00e0 per usuari la persona que accedeixi, navegui o visualitzi els continguts allotjats al Lloc Web.\u00a0<\/span><\/p><p dir=\"ltr\" data-placeholder=\"Traducci\u00f3n\"><span lang=\"ca\">S&#8217;entendr\u00e0 per usuari registrat el que accedeixi, navegui i es registri per, utilitzar, visualitzar, navegar, allotjar i\/o descarregar els continguts i\/o utilitzar els serveis del lloc web.<\/span><\/p><p dir=\"ltr\" data-placeholder=\"Traducci\u00f3n\">\u00a0<\/p><h6 dir=\"ltr\" data-placeholder=\"Traducci\u00f3n\"><span lang=\"ca\"><strong>OBLIGACIONS DE L&#8217;USUARI<\/strong><\/span><\/h6><p dir=\"ltr\" data-placeholder=\"Traducci\u00f3n\"><span lang=\"ca\"> L&#8217;acc\u00e9s i la navegaci\u00f3 a trav\u00e9s del Lloc Web no requereix registre amb l&#8217;excepci\u00f3 que, per fer \u00fas de certes funcionalitats, es pogu\u00e9s requerir l&#8217;aportaci\u00f3 de dades, com ara el nom i l&#8217;adre\u00e7a de correu electr\u00f2nic. <\/span><\/p><p dir=\"ltr\" data-placeholder=\"Traducci\u00f3n\"><span lang=\"ca\">L&#8217;usuari es compromet a: <\/span><\/p><p dir=\"ltr\" data-placeholder=\"Traducci\u00f3n\"><span lang=\"ca\">\u2022 Acceptar i complir el que estableix aquest Av\u00eds legal, i en qualsevol document que en formi part integrant. <\/span><\/p><p dir=\"ltr\" data-placeholder=\"Traducci\u00f3n\"><span lang=\"ca\">\u2022 No difamar, abusar, molestar, assetjar, amena\u00e7ar o vulnerar de qualsevol altra manera qualsevol dret d&#8217;altres usuaris o de qualsevol persona. <\/span><\/p><p dir=\"ltr\" data-placeholder=\"Traducci\u00f3n\"><span lang=\"ca\">\u2022 No eliminar o intentar suprimir les mesures de seguretat adoptades i implantades al Lloc Web.<\/span><\/p><p dir=\"ltr\" data-placeholder=\"Traducci\u00f3n\"><span lang=\"ca\">\u2022 Complir el que estableix la legislaci\u00f3 vigent.<\/span><\/p><p dir=\"ltr\" data-placeholder=\"Traducci\u00f3n\">\u00a0<\/p><p dir=\"ltr\" data-placeholder=\"Traducci\u00f3n\">\u00a0<\/p><h6 dir=\"ltr\" data-placeholder=\"Traducci\u00f3n\"><strong><span lang=\"ca\">DRETS DE PROPIETAT INTEL\u00b7LECTUAL I INDUSTRIAL<\/span><\/strong><\/h6><p dir=\"ltr\" data-placeholder=\"Traducci\u00f3n\"><span lang=\"ca\">TAGA.NET \u00e9s titular dels drets de propietat intel\u00b7lectual i industrial del Lloc Web. \u00c9s tamb\u00e9 titular o ha obtingut la llic\u00e8ncia corresponent sobre la informaci\u00f3 i els materials disponibles a trav\u00e9s d&#8217;aquest, aix\u00ed com els programes d&#8217;ordinador utilitzats en relaci\u00f3 amb aquest. <\/span><\/p><p dir=\"ltr\" data-placeholder=\"Traducci\u00f3n\"><span lang=\"ca\">L&#8217;acc\u00e9s, navegaci\u00f3, utilitzaci\u00f3 i\/o desc\u00e0rrega de continguts i\/o \u00fas de serveis del Lloc Web per l&#8217;usuari, en cap cas no s&#8217;entendr\u00e0 com una ren\u00fancia, transmissi\u00f3, llic\u00e8ncia o cessi\u00f3 total ni parcial dels drets abans indicats per part de TAGA.NET o, si escau, del titular dels drets corresponents. <\/span><\/p><p dir=\"ltr\" data-placeholder=\"Traducci\u00f3n\"><span lang=\"ca\">En conseq\u00fc\u00e8ncia, no est\u00e0 perm\u00e8s suprimir, eludir o manipular l&#8217;av\u00eds de drets d&#8217;autor (copyright) i qualsevol altra informaci\u00f3 d&#8217;identificaci\u00f3 dels drets de TAGA.NET o dels seus titulars respectius incorporats als continguts i\/o serveis, aix\u00ed com els dispositius t\u00e8cnics de protecci\u00f3 o qualsevol mecanisme d&#8217;informaci\u00f3 i\/o d&#8217;identificaci\u00f3 que s&#8217;hi puguin contenir. <\/span><\/p><p dir=\"ltr\" data-placeholder=\"Traducci\u00f3n\"><span lang=\"ca\">Les refer\u00e8ncies a noms i marques comercials o registrades, logotips o altres signes distintius, ja siguin titularitat de TAGA.NET o de terceres empreses, porten impl\u00edcites la prohibici\u00f3 sobre el seu \u00fas sense el consentiment escrit dels seus leg\u00edtims titulars segons correspongui. <\/span><\/p><p dir=\"ltr\" data-placeholder=\"Traducci\u00f3n\"><span lang=\"ca\">En cap moment, llevat de manifestaci\u00f3 expressa, l&#8217;acc\u00e9s o l&#8217;\u00fas del Lloc Web i\/o dels seus continguts i\/o serveis, confereix a l&#8217;Usuari cap dret sobre les marques,\u00a0<\/span><span lang=\"ca\"> logotips i\/o signes distintius inclosos protegits per llei. Queden reservats tots els drets de propietat intel\u00b7lectual i industrial i, en particular, queda prohibit reproduir, distribuir, comunicar p\u00fablicament, modificar, reutilitzar, enviar per correu o altres mitjans, o explotar de qualsevol altra forma, la totalitat o part dels continguts del Lloc Web per a prop\u00f2sits comercials o contraris als interessos de TAGA.NET, si no es compta amb l&#8217;autoritzaci\u00f3 expressa i per escrit de TAGA.NET o, si escau, del titular respectiu dels drets.<\/span><\/p><p dir=\"ltr\" data-placeholder=\"Traducci\u00f3n\">\u00a0<\/p><p>\u00a0<\/p><h6 id=\"tw-target-text\" class=\"tw-data-text tw-text-large tw-ta\" dir=\"ltr\" data-placeholder=\"Traducci\u00f3n\"><strong><span class=\"Y2IQFc\" lang=\"ca\">LLIC\u00c8NCIA SOBRE LES COMUNICACIONS<\/span><\/strong><\/h6><p class=\"tw-data-text tw-text-large tw-ta\" dir=\"ltr\" data-placeholder=\"Traducci\u00f3n\"><span class=\"Y2IQFc\" lang=\"ca\">En cas que l&#8217;usuari envi\u00ef informaci\u00f3 de qualsevol tipus a TAGA.NET a trav\u00e9s del Lloc Web, mitjan\u00e7ant els canals disposats amb aquesta finalitat, l&#8217;usuari declara, garanteix i accepta que t\u00e9 dret a fer-ho lliurement, que aquesta informaci\u00f3 no infringeix cap dret de propietat intel\u00b7lectual, de marca, de patent, secret comercial, o qualsevol altre dret de tercer, que aquesta informaci\u00f3 no t\u00e9 car\u00e0cter confidencial i que aquesta informaci\u00f3 no \u00e9s perjudicial per a tercers. <\/span><\/p><p class=\"tw-data-text tw-text-large tw-ta\" dir=\"ltr\" data-placeholder=\"Traducci\u00f3n\"><span class=\"Y2IQFc\" lang=\"ca\">L&#8217;usuari accepta assumir la responsabilitat i deixar indemne a TAGA.NET davant de qualsevol reclamaci\u00f3 derivada de la informaci\u00f3 que subministri, aconseguint aquesta responsabilitat sense cap restricci\u00f3 l&#8217;exactitud, legalitat, originalitat i titularitat daquesta.<\/span><\/p><p dir=\"ltr\" data-placeholder=\"Traducci\u00f3n\">\u00a0<\/p><h6 class=\"tw-data-text tw-text-large tw-ta\" dir=\"ltr\" data-placeholder=\"Traducci\u00f3n\"><strong><span class=\"Y2IQFc\" lang=\"ca\">RESPONSABILITATS I GARANTIES<\/span><\/strong><\/h6><p class=\"tw-data-text tw-text-large tw-ta\" dir=\"ltr\" data-placeholder=\"Traducci\u00f3n\"><span class=\"Y2IQFc\" lang=\"ca\">Els continguts del Lloc Web s\u00f3n proporcionats a t\u00edtol informatiu i no pretenen constituir cap recomanaci\u00f3 d&#8217;inversi\u00f3, transaccions o similars.<\/span><\/p><p class=\"tw-data-text tw-text-large tw-ta\" dir=\"ltr\" data-placeholder=\"Traducci\u00f3n\"><span class=\"Y2IQFc\" lang=\"ca\">TAGA.NET declara que ha adoptat totes les mesures necess\u00e0ries, dins de les seves possibilitats i de l&#8217;estat de la tecnologia, per garantir el funcionament del Lloc Web i evitar l&#8217;exist\u00e8ncia i la transmissi\u00f3 de virus i altres components perjudicials als Usuaris. <\/span><\/p><p class=\"tw-data-text tw-text-large tw-ta\" dir=\"ltr\" data-placeholder=\"Traducci\u00f3n\"><span class=\"Y2IQFc\" lang=\"ca\">Tot i aix\u00f2, TAGA.NET no garanteix la idone\u00eftat o utilitat dels continguts del Lloc Web ni es fa responsable dels danys o perjudicis que causi, a si mateix oa un tercer, qualsevol persona que infring\u00eds les condicions, normes i instruccions que TAGA.NET estableix al Lloc Web oa trav\u00e9s de la vulneraci\u00f3 dels sistemes de seguretat del Lloc Web. <\/span><\/p><p class=\"tw-data-text tw-text-large tw-ta\" dir=\"ltr\" data-placeholder=\"Traducci\u00f3n\"><span class=\"Y2IQFc\" lang=\"ca\">Si l&#8217;usuari tingu\u00e9s coneixement de l&#8217;exist\u00e8ncia d&#8217;algun contingut il\u00b7l\u00edcit, il\u00b7legal, contrari a les lleis o que pogu\u00e9s suposar una infracci\u00f3 de drets de propietat intel\u00b7lectual i\/o industrial, ho haur\u00e0 de notificar immediatament a TAGA.NET perqu\u00e8 aquesta pugui procedir a l&#8217;adopci\u00f3 de les mesures oportunes.<\/span><\/p><p dir=\"ltr\" data-placeholder=\"Traducci\u00f3n\">\u00a0<\/p><h6 id=\"tw-target-text\" class=\"tw-data-text tw-text-large tw-ta\" dir=\"ltr\" data-placeholder=\"Traducci\u00f3n\"><strong><span class=\"Y2IQFc\" lang=\"ca\">ENLLA\u00c7OS<\/span><\/strong><\/h6><p class=\"tw-data-text tw-text-large tw-ta\" dir=\"ltr\" data-placeholder=\"Traducci\u00f3n\"><strong><span class=\"Y2IQFc\" lang=\"ca\">Enlla\u00e7os a altres p\u00e0gines web<\/span><\/strong><\/p><p class=\"tw-data-text tw-text-large tw-ta\" dir=\"ltr\" data-placeholder=\"Traducci\u00f3n\"><span class=\"Y2IQFc\" lang=\"ca\">TAGA.NET no respondr\u00e0 de cap aspecte relatiu a p\u00e0gines web de tercers a qu\u00e8 es pogu\u00e9s establir un enlla\u00e7 des del Lloc Web, en concret, a t\u00edtol enunciatiu i no taxatiu, sobre el seu funcionament, acc\u00e9s, dades, informaci\u00f3, fitxers, qualitat i fiabilitat dels seus productes i serveis, els seus propis enlla\u00e7os i\/o qualsevol dels seus continguts, en general. <\/span><\/p><p class=\"tw-data-text tw-text-large tw-ta\" dir=\"ltr\" data-placeholder=\"Traducci\u00f3n\"><span class=\"Y2IQFc\" lang=\"ca\">L&#8217;establiment de qualsevol tipus d&#8217;enlla\u00e7 des del Lloc Web a un altre lloc web ali\u00e8 no implicar\u00e0 que hi hagi algun tipus de relaci\u00f3, col\u00b7laboraci\u00f3 o depend\u00e8ncia entre TAGA.NET i el responsable del lloc web ali\u00e8.<\/span><\/p><p class=\"tw-data-text tw-text-large tw-ta\" dir=\"ltr\" data-placeholder=\"Traducci\u00f3n\"><strong><span class=\"Y2IQFc\" lang=\"ca\">Enlla\u00e7os en altres p\u00e0gines web amb destinaci\u00f3 al Lloc Web <\/span><\/strong><\/p><p class=\"tw-data-text tw-text-large tw-ta\" dir=\"ltr\" data-placeholder=\"Traducci\u00f3n\"><span class=\"Y2IQFc\" lang=\"ca\">Si qualsevol usuari, entitat o lloc web volgu\u00e9s establir algun tipus d&#8217;enlla\u00e7 amb destinaci\u00f3 al Lloc Web haur\u00e0 d&#8217;atenir-se a les estipulacions seg\u00fcents: <\/span><\/p><p class=\"tw-data-text tw-text-large tw-ta\" dir=\"ltr\" data-placeholder=\"Traducci\u00f3n\"><span class=\"Y2IQFc\" lang=\"ca\">\u2022 L&#8217;enlla\u00e7 ha de ser absolut i complet, \u00e9s a dir, ha de portar l&#8217;usuari, mitjan\u00e7ant un clic, a la pr\u00f2pia adre\u00e7a URL del Lloc Web i ha d&#8217;abastar completament tota l&#8217;extensi\u00f3 de la pantalla de la p\u00e0gina principal o de inici del Lloc Web. <\/span><span class=\"Y2IQFc\" lang=\"ca\">En cap cas, llevat que TAGA.NET ho autoritzi de manera expressa i per escrit, el Lloc Web que realitza l&#8217;enlla\u00e7 podr\u00e0 reproduir, de qualsevol manera, el Lloc Web, incloure&#8217;l com a part de la seva Web o dins d&#8217;un dels seus \u201cframes\u201d \u201d o crear un \u201cbrowser\u201d sobre qualsevol de les p\u00e0gines del Lloc Web. <\/span><\/p><p class=\"tw-data-text tw-text-large tw-ta\" dir=\"ltr\" data-placeholder=\"Traducci\u00f3n\"><span class=\"Y2IQFc\" lang=\"ca\">\u2022 A la p\u00e0gina que estableix l&#8217;enlla\u00e7 no es podr\u00e0 declarar de cap manera que TAGA.NET ha autoritzat aquest enlla\u00e7, llevat que TAGANET ho hagi fet expressament i pr\u00e8viament per escrit. <\/span><span class=\"Y2IQFc\" lang=\"ca\">Si l&#8217;entitat que realitza l&#8217;enlla\u00e7 des de la seva p\u00e0gina al Lloc Web correctament volgu\u00e9s incloure a la seva p\u00e0gina web la marca, denominaci\u00f3, nom comercial, r\u00e8tol, logotip, esl\u00f2gan o qualsevol altre tipus d&#8217;element identificatiu de TAGA.NET i\/o del Lloc Web, haur\u00e0 de comptar pr\u00e8viament amb la seva autoritzaci\u00f3 expressa i per escrit.<\/span><\/p><p class=\"tw-data-text tw-text-large tw-ta\" dir=\"ltr\" data-placeholder=\"Traducci\u00f3n\"><span class=\"Y2IQFc\" lang=\"ca\">\u2022 TAGA.NET no autoritza l&#8217;establiment d&#8217;un enlla\u00e7 al Lloc Web des d&#8217;aquelles p\u00e0gines web que continguin materials, informaci\u00f3 o continguts il\u00b7l\u00edcits, il\u00b7legals, degradants, obscens i, en general, que contravinguin la moral, l&#8217;ordre p\u00fablic o les normes socials generalment acceptades.<\/span><\/p><h6><strong>\u00a0<\/strong><\/h6><h6 id=\"tw-target-text\" class=\"tw-data-text tw-text-large tw-ta\" dir=\"ltr\" data-placeholder=\"Traducci\u00f3n\"><strong><span class=\"Y2IQFc\" lang=\"ca\">PRIVACITAT I COOKIES <\/span><\/strong><\/h6><p class=\"tw-data-text tw-text-large tw-ta\" dir=\"ltr\" data-placeholder=\"Traducci\u00f3n\"><span class=\"Y2IQFc\" lang=\"ca\">La Pol\u00edtica de Privadesa i la Pol\u00edtica de Cookies del Lloc Web queden determinades pel que estableix el document Pol\u00edtica de Privadesa i Pol\u00edtica de Cookies.<\/span><\/p><p dir=\"ltr\" data-placeholder=\"Traducci\u00f3n\">\u00a0<\/p><h6 class=\"tw-data-text tw-text-large tw-ta\" dir=\"ltr\" data-placeholder=\"Traducci\u00f3n\"><strong><span class=\"Y2IQFc\" lang=\"ca\">DURADA I MODIFICACI\u00d3<\/span><\/strong><\/h6><p class=\"tw-data-text tw-text-large tw-ta\" dir=\"ltr\" data-placeholder=\"Traducci\u00f3n\"><span class=\"Y2IQFc\" lang=\"ca\">TAGA.NET podr\u00e0 modificar els termes i condicions aqu\u00ed estipulades, totalment o parcialment, publicant qualsevol canvi de la mateixa manera com apareix aquest Av\u00eds legal oa trav\u00e9s de qualsevol tipus de comunicaci\u00f3 dirigida a els usuaris. <\/span><\/p><p class=\"tw-data-text tw-text-large tw-ta\" dir=\"ltr\" data-placeholder=\"Traducci\u00f3n\"><span class=\"Y2IQFc\" lang=\"ca\">La vig\u00e8ncia temporal d&#8217;aquest Av\u00eds legal coincideix, per tant, amb el temps de la seva exposici\u00f3, fins que siguin modificades totalment o parcialment, moment en qu\u00e8 passar\u00e0 a tenir vig\u00e8ncia l&#8217;Av\u00eds legal modificat i publicat en aquest Lloc Web. <\/span><\/p><p class=\"tw-data-text tw-text-large tw-ta\" dir=\"ltr\" data-placeholder=\"Traducci\u00f3n\"><span class=\"Y2IQFc\" lang=\"ca\">Amb independ\u00e8ncia del que disposen les Condicions Particulars, TAGA.NET podr\u00e0 donar per acabat, suspendre o interrompre, en qualsevol moment sense necessitat de preav\u00eds, l&#8217;acc\u00e9s als continguts del Lloc Web, sense possibilitat per part de l&#8217;Usuari d&#8217;exigir cap indemnitzaci\u00f3. Despr\u00e9s d&#8217;aquesta extinci\u00f3, seguiran vigents les prohibicions d&#8217;\u00fas dels continguts exposades anteriorment al present Av\u00eds Legal.<\/span><\/p><p dir=\"ltr\" data-placeholder=\"Traducci\u00f3n\">\u00a0<\/p><h6 class=\"tw-data-text tw-text-large tw-ta\" dir=\"ltr\" data-placeholder=\"Traducci\u00f3n\"><strong><span class=\"Y2IQFc\" lang=\"ca\">GENERALITATS <\/span><\/strong><\/h6><p class=\"tw-data-text tw-text-large tw-ta\" dir=\"ltr\" data-placeholder=\"Traducci\u00f3n\"><span class=\"Y2IQFc\" lang=\"ca\">Els encap\u00e7alaments de les diferents cl\u00e0usules nom\u00e9s s\u00f3n informatius, i no afectaran, qualificaran o ampliaran la interpretaci\u00f3 de l&#8217;Av\u00eds legal. En el cas que qualsevol disposici\u00f3 o disposicions d&#8217;aquest Av\u00eds legal fos(n) considerada(es) nul\u00b7la(s) o inaplicable(s), \u00edntegrament o en part, per qualsevol Jutjat, Tribunal o \u00f2rgan administratiu competent, aquesta nul\u00b7litat o inaplicaci\u00f3 no afectar\u00e0 les altres disposicions de l&#8217;Av\u00eds legal.<\/span><\/p><p class=\"tw-data-text tw-text-large tw-ta\" dir=\"ltr\" data-placeholder=\"Traducci\u00f3n\"><span class=\"Y2IQFc\" lang=\"ca\">El no exercici o execuci\u00f3 per part deTAGA.NET de qualsevol dret o disposici\u00f3 continguda en aquest Av\u00eds legal no constituir\u00e0 una ren\u00fancia, llevat de reconeixement i acord per escrit per part seva.<\/span><\/p><p dir=\"ltr\" data-placeholder=\"Traducci\u00f3n\">\u00a0<\/p><h6 class=\"tw-data-text tw-text-large tw-ta\" dir=\"ltr\" data-placeholder=\"Traducci\u00f3n\"><strong><span class=\"Y2IQFc\" lang=\"ca\">JURISDICCI\u00d3 I LEGISLACI\u00d3 APLICABLE<\/span><\/strong><\/h6><p class=\"tw-data-text tw-text-large tw-ta\" dir=\"ltr\" data-placeholder=\"Traducci\u00f3n\"><span class=\"Y2IQFc\" lang=\"ca\">El Lloc Web de TAGA.NET i el seu contingut es regiran pel que disposa la legislaci\u00f3 espanyola. Les relacions establertes entre TAGA.NET i l&#8217;usuari es regiran pel que disposa la normativa vigent sobre la legislaci\u00f3 aplicable i la jurisdicci\u00f3 competent. Aix\u00f2 no obstant, per als casos en qu\u00e8 la normativa prevegi la possibilitat a les parts de sotmetre&#8217;s a un fur, TAGA.NET i l&#8217;usuari, amb ren\u00fancia expressa a qualsevol altre fur que pogu\u00e9s correspondre&#8217;ls, sotmetran qualssevol controv\u00e8rsies i\/o litigis al coneixement dels Jutjats i Tribunals de la ciutat de Barcelona sent aplicable la legislaci\u00f3 espanyola.<\/span><\/p>\t\t\t\t\t\t<\/div>\n\t\t\t\t<\/div>\n\t\t\t\t<div class=\"elementor-element elementor-element-3b30b3b wavo-transform transform-type-translate elementor-widget elementor-widget-heading\" data-id=\"3b30b3b\" data-element_type=\"widget\" data-widget_type=\"heading.default\">\n\t\t\t\t<div class=\"elementor-widget-container\">\n\t\t\t<style>\/*! elementor - v3.15.0 - 31-07-2023 *\/\n.elementor-heading-title{padding:0;margin:0;line-height:1}.elementor-widget-heading .elementor-heading-title[class*=elementor-size-]>a{color:inherit;font-size:inherit;line-height:inherit}.elementor-widget-heading .elementor-heading-title.elementor-size-small{font-size:15px}.elementor-widget-heading .elementor-heading-title.elementor-size-medium{font-size:19px}.elementor-widget-heading .elementor-heading-title.elementor-size-large{font-size:29px}.elementor-widget-heading .elementor-heading-title.elementor-size-xl{font-size:39px}.elementor-widget-heading .elementor-heading-title.elementor-size-xxl{font-size:59px}<\/style><h2 class=\"elementor-heading-title elementor-size-default\">08201 Sabadell \/ Barcelona<br><br>17860 Sant Joan de les Abadesses<\/h2>\t\t<\/div>\n\t\t\t\t<\/div>\n\t\t\t\t\t<\/div>\n\t\t<\/div>\n\t\t\t\t\t\t\t<\/div>\n\t\t<\/section>\n\t\t\t\t\t\t\t<\/div>\n\t\t","protected":false},"excerpt":{"rendered":"<p>OBJECTE Aquest Av\u00eds legal regula l&#8217;acc\u00e9s i l&#8217;\u00fas als continguts oferts per TAGA.NET a trav\u00e9s dels seus llocs web. TAGA.NET\u00a0 es reserva el dret a modificar la presentaci\u00f3, configuraci\u00f3 i contingut del Lloc Web i dels serveis, aix\u00ed com tamb\u00e9 les condicions requerides per accedir-hi i\/o utilitzaci\u00f3. L&#8217;acc\u00e9s a determinats continguts i la utilitzaci\u00f3 de&#8230;<\/p>\n","protected":false},"author":1,"featured_media":0,"parent":0,"menu_order":0,"comment_status":"closed","ping_status":"open","template":"","meta":{"om_disable_all_campaigns":false,"_monsterinsights_skip_tracking":false,"_monsterinsights_sitenote_active":false,"_monsterinsights_sitenote_note":"","_monsterinsights_sitenote_category":0,"footnotes":""},"class_list":{"0":"post-4773","1":"page","2":"type-page","3":"status-publish","4":"hentry","5":"nt-post-class","6":"","7":"thumb-none","9":"excerpt-none"},"acf":[],"aioseo_notices":[],"_links":{"self":[{"href":"https:\/\/school.taga.net\/ca\/wp-json\/wp\/v2\/pages\/4773","targetHints":{"allow":["GET"]}}],"collection":[{"href":"https:\/\/school.taga.net\/ca\/wp-json\/wp\/v2\/pages"}],"about":[{"href":"https:\/\/school.taga.net\/ca\/wp-json\/wp\/v2\/types\/page"}],"author":[{"embeddable":true,"href":"https:\/\/school.taga.net\/ca\/wp-json\/wp\/v2\/users\/1"}],"replies":[{"embeddable":true,"href":"https:\/\/school.taga.net\/ca\/wp-json\/wp\/v2\/comments?post=4773"}],"version-history":[{"count":14,"href":"https:\/\/school.taga.net\/ca\/wp-json\/wp\/v2\/pages\/4773\/revisions"}],"predecessor-version":[{"id":5766,"href":"https:\/\/school.taga.net\/ca\/wp-json\/wp\/v2\/pages\/4773\/revisions\/5766"}],"wp:attachment":[{"href":"https:\/\/school.taga.net\/ca\/wp-json\/wp\/v2\/media?parent=4773"}],"curies":[{"name":"wp","href":"https:\/\/api.w.org\/{rel}","templated":true}]}}