{"id":4762,"date":"2023-06-30T08:32:21","date_gmt":"2023-06-30T08:32:21","guid":{"rendered":"http:\/\/school.taga.net\/?page_id=4762"},"modified":"2023-08-02T12:30:14","modified_gmt":"2023-08-02T12:30:14","slug":"politica-de-privacitat","status":"publish","type":"page","link":"https:\/\/school.taga.net\/ca\/politica-de-privacitat\/","title":{"rendered":"Pol\u00edtica de privacitat"},"content":{"rendered":"\t\t<div data-elementor-type=\"wp-page\" data-elementor-id=\"4762\" class=\"elementor elementor-4762\">\n\t\t\t\t\t\t\t\t\t<section class=\"wavo-column-gap-default elementor-section elementor-top-section elementor-element elementor-element-1e68802 elementor-section-stretched nt-structure nt-structure-yes elementor-section-boxed elementor-section-height-default elementor-section-height-default\" data-id=\"1e68802\" data-element_type=\"section\" data-settings=\"{&quot;stretch_section&quot;:&quot;section-stretched&quot;}\">\n\t\t\t\t\t\t<div class=\"elementor-container elementor-column-gap-default\">\n\t\t\t\t\t<div class=\"elementor-column elementor-col-100 elementor-top-column elementor-element elementor-element-a2d2b93\" data-id=\"a2d2b93\" data-element_type=\"column\">\n\t\t\t<div class=\"elementor-widget-wrap elementor-element-populated\">\n\t\t\t\t\t\t\t\t<div class=\"elementor-element elementor-element-39448d7 elementor-widget__width-initial elementor-widget elementor-widget-text-editor\" data-id=\"39448d7\" data-element_type=\"widget\" data-widget_type=\"text-editor.default\">\n\t\t\t\t<div class=\"elementor-widget-container\">\n\t\t\t<style>\/*! elementor - v3.15.0 - 31-07-2023 *\/\n.elementor-widget-text-editor.elementor-drop-cap-view-stacked .elementor-drop-cap{background-color:#69727d;color:#fff}.elementor-widget-text-editor.elementor-drop-cap-view-framed .elementor-drop-cap{color:#69727d;border:3px solid;background-color:transparent}.elementor-widget-text-editor:not(.elementor-drop-cap-view-default) .elementor-drop-cap{margin-top:8px}.elementor-widget-text-editor:not(.elementor-drop-cap-view-default) .elementor-drop-cap-letter{width:1em;height:1em}.elementor-widget-text-editor .elementor-drop-cap{float:left;text-align:center;line-height:1;font-size:50px}.elementor-widget-text-editor .elementor-drop-cap-letter{display:inline-block}<\/style>\t\t\t\t<h6 id=\"tw-target-text\" class=\"tw-data-text tw-text-large tw-ta\" dir=\"ltr\" data-placeholder=\"Traducci\u00f3n\"><strong><span class=\"Y2IQFc\" lang=\"ca\">Incorporaci\u00f3 de dades personals als fitxers de TAGA.NET <\/span><\/strong><\/h6><p class=\"tw-data-text tw-text-large tw-ta\" dir=\"ltr\" data-placeholder=\"Traducci\u00f3n\"><span class=\"Y2IQFc\" lang=\"ca\">De conformitat amb el que estableix la Llei Org\u00e0nica 15\/1999, de 13 de desembre, de Protecci\u00f3 de Dades de Car\u00e0cter Personal (d&#8217;ara endavant, \u201cLOPD\u201d), i el Reglament General de Protecci\u00f3 de Dades, informa que totes les dades personals que l&#8217;Usuari faciliti a trav\u00e9s del Lloc Web seran incorporats i tractats als fitxers titularitat de Taga.net per tal de poder prestar-li els serveis sol\u00b7licitats, aix\u00ed com per mantenir-lo informat, fins i tot per mitjans electr\u00f2nics, sobre els productes i serveis oferts per Taga. net.<\/span><\/p><p class=\"tw-data-text tw-text-large tw-ta\" dir=\"ltr\" data-placeholder=\"Traducci\u00f3n\"><span class=\"Y2IQFc\" lang=\"ca\"> L&#8217;emplenament de totes les dades sol\u00b7licitades a trav\u00e9s del Lloc Web \u00e9s necess\u00e0ria per aconseguir una \u00f2ptima prestaci\u00f3 dels serveis posats a disposici\u00f3 de l&#8217;Usuari.<\/span><\/p><p class=\"tw-data-text tw-text-large tw-ta\" dir=\"ltr\" data-placeholder=\"Traducci\u00f3n\"><span class=\"Y2IQFc\" lang=\"ca\">Si no es faciliten totes les dades, Taga.net no garanteix que la informaci\u00f3 i els serveis facilitats puguin prestar-se, es prestin correctament o s&#8217;ajustin a les necessitats de l&#8217;Usuari.<\/span><\/p><p dir=\"ltr\" data-placeholder=\"Traducci\u00f3n\">\u00a0<\/p><h6 class=\"tw-data-text tw-text-large tw-ta\" dir=\"ltr\" data-placeholder=\"Traducci\u00f3n\"><strong><span class=\"Y2IQFc\" lang=\"ca\">Exercici de drets<\/span><\/strong><\/h6><p class=\"tw-data-text tw-text-large tw-ta\" dir=\"ltr\" data-placeholder=\"Traducci\u00f3n\"><span class=\"Y2IQFc\" lang=\"ca\">La finalitat ser\u00e0 mantenir l&#8217;usuari informat sobre les novetats de Taga.net. <\/span><\/p><p class=\"tw-data-text tw-text-large tw-ta\" dir=\"ltr\" data-placeholder=\"Traducci\u00f3n\"><span class=\"Y2IQFc\" lang=\"ca\">En qualsevol moment podreu accedir, rectificar i suprimir les dades que l&#8217;usuari ha ofert. L&#8217;Usuari pot exercir els drets d&#8217;acc\u00e9s, rectificaci\u00f3, cancel\u00b7laci\u00f3 i oposici\u00f3 previstos a la LOPD, mitjan\u00e7ant correu electr\u00f2nic dirigit a school@taga.net<\/span><\/p>\t\t\t\t\t\t<\/div>\n\t\t\t\t<\/div>\n\t\t\t\t\t<\/div>\n\t\t<\/div>\n\t\t\t\t\t\t\t<\/div>\n\t\t<\/section>\n\t\t\t\t\t\t\t<\/div>\n\t\t","protected":false},"excerpt":{"rendered":"<p>Incorporaci\u00f3 de dades personals als fitxers de TAGA.NET De conformitat amb el que estableix la Llei Org\u00e0nica 15\/1999, de 13 de desembre, de Protecci\u00f3 de Dades de Car\u00e0cter Personal (d&#8217;ara endavant, \u201cLOPD\u201d), i el Reglament General de Protecci\u00f3 de Dades, informa que totes les dades personals que l&#8217;Usuari faciliti a trav\u00e9s del Lloc Web seran&#8230;<\/p>\n","protected":false},"author":1,"featured_media":0,"parent":0,"menu_order":0,"comment_status":"closed","ping_status":"open","template":"","meta":{"om_disable_all_campaigns":false,"_monsterinsights_skip_tracking":false,"_monsterinsights_sitenote_active":false,"_monsterinsights_sitenote_note":"","_monsterinsights_sitenote_category":0,"footnotes":""},"class_list":{"0":"post-4762","1":"page","2":"type-page","3":"status-publish","4":"hentry","5":"nt-post-class","6":"","7":"thumb-none","9":"excerpt-none"},"acf":[],"aioseo_notices":[],"_links":{"self":[{"href":"https:\/\/school.taga.net\/ca\/wp-json\/wp\/v2\/pages\/4762","targetHints":{"allow":["GET"]}}],"collection":[{"href":"https:\/\/school.taga.net\/ca\/wp-json\/wp\/v2\/pages"}],"about":[{"href":"https:\/\/school.taga.net\/ca\/wp-json\/wp\/v2\/types\/page"}],"author":[{"embeddable":true,"href":"https:\/\/school.taga.net\/ca\/wp-json\/wp\/v2\/users\/1"}],"replies":[{"embeddable":true,"href":"https:\/\/school.taga.net\/ca\/wp-json\/wp\/v2\/comments?post=4762"}],"version-history":[{"count":13,"href":"https:\/\/school.taga.net\/ca\/wp-json\/wp\/v2\/pages\/4762\/revisions"}],"predecessor-version":[{"id":5759,"href":"https:\/\/school.taga.net\/ca\/wp-json\/wp\/v2\/pages\/4762\/revisions\/5759"}],"wp:attachment":[{"href":"https:\/\/school.taga.net\/ca\/wp-json\/wp\/v2\/media?parent=4762"}],"curies":[{"name":"wp","href":"https:\/\/api.w.org\/{rel}","templated":true}]}}