{"id":3,"date":"2023-05-22T06:41:38","date_gmt":"2023-05-22T06:41:38","guid":{"rendered":"http:\/\/school.taga.net\/?page_id=3"},"modified":"2023-08-02T12:34:09","modified_gmt":"2023-08-02T12:34:09","slug":"politica-cookies","status":"publish","type":"page","link":"https:\/\/school.taga.net\/ca\/politica-cookies\/","title":{"rendered":"Pol\u00edtica de cookies"},"content":{"rendered":"\t\t<div data-elementor-type=\"wp-page\" data-elementor-id=\"3\" class=\"elementor elementor-3\">\n\t\t\t\t\t\t\t\t\t<section class=\"wavo-column-gap-default elementor-section elementor-top-section elementor-element elementor-element-1e68802 elementor-section-stretched nt-structure nt-structure-yes elementor-section-boxed elementor-section-height-default elementor-section-height-default\" data-id=\"1e68802\" data-element_type=\"section\" data-settings=\"{&quot;stretch_section&quot;:&quot;section-stretched&quot;}\">\n\t\t\t\t\t\t<div class=\"elementor-container elementor-column-gap-default\">\n\t\t\t\t\t<div class=\"elementor-column elementor-col-100 elementor-top-column elementor-element elementor-element-a2d2b93\" data-id=\"a2d2b93\" data-element_type=\"column\">\n\t\t\t<div class=\"elementor-widget-wrap elementor-element-populated\">\n\t\t\t\t\t\t\t\t<div class=\"elementor-element elementor-element-39448d7 elementor-widget__width-initial elementor-widget elementor-widget-text-editor\" data-id=\"39448d7\" data-element_type=\"widget\" data-widget_type=\"text-editor.default\">\n\t\t\t\t<div class=\"elementor-widget-container\">\n\t\t\t<style>\/*! elementor - v3.15.0 - 31-07-2023 *\/\n.elementor-widget-text-editor.elementor-drop-cap-view-stacked .elementor-drop-cap{background-color:#69727d;color:#fff}.elementor-widget-text-editor.elementor-drop-cap-view-framed .elementor-drop-cap{color:#69727d;border:3px solid;background-color:transparent}.elementor-widget-text-editor:not(.elementor-drop-cap-view-default) .elementor-drop-cap{margin-top:8px}.elementor-widget-text-editor:not(.elementor-drop-cap-view-default) .elementor-drop-cap-letter{width:1em;height:1em}.elementor-widget-text-editor .elementor-drop-cap{float:left;text-align:center;line-height:1;font-size:50px}.elementor-widget-text-editor .elementor-drop-cap-letter{display:inline-block}<\/style>\t\t\t\t<header id=\"site_menu_header\" class=\"site-header dsn-container dsn-hamburger nav-bg\"><div class=\"p-relative dsn-container\"><h6 id=\"tw-target-text\" class=\"tw-data-text tw-text-large tw-ta\" dir=\"ltr\" data-placeholder=\"Traducci\u00f3n\"><strong><span class=\"Y2IQFc\" lang=\"ca\">Pol\u00edtica de cookies <\/span><\/strong><\/h6><p class=\"tw-data-text tw-text-large tw-ta\" dir=\"ltr\" data-placeholder=\"Traducci\u00f3n\"><span class=\"Y2IQFc\" lang=\"ca\">En aquesta Pol\u00edtica de Cookies trobar\u00e0s informaci\u00f3 sobre l&#8217;\u00fas que realitzem de les galetes i dispositius similars que s&#8217;instal\u00b7len als terminals dels nostres clients i usuaris. <\/span><\/p><p class=\"tw-data-text tw-text-large tw-ta\" dir=\"ltr\" data-placeholder=\"Traducci\u00f3n\"><span class=\"Y2IQFc\" lang=\"ca\">De vegades, l&#8217;\u00fas de cookies pot estar relacionat amb el tractament de dades personals, per la qual cosa et recomanem que consultis la nostra Pol\u00edtica de Privadesa, accessible a la nostra Plataforma, si desitges informaci\u00f3 sobre com fem servir les dades personals dels nostres clients i usuaris, com exercitar els teus drets, o la terminologia que fem servir per referir-nos a la nostra Plataforma.<\/span><\/p><p dir=\"ltr\" data-placeholder=\"Traducci\u00f3n\">\u00a0<\/p><h6 class=\"tw-data-text tw-text-large tw-ta\" dir=\"ltr\" data-placeholder=\"Traducci\u00f3n\"><strong><span class=\"Y2IQFc\" lang=\"ca\">Qu\u00e8 s\u00f3n les galetes?<\/span><\/strong><\/h6><p class=\"tw-data-text tw-text-large tw-ta\" dir=\"ltr\" data-placeholder=\"Traducci\u00f3n\"><span class=\"Y2IQFc\" lang=\"ca\">Una galeta \u00e9s un fitxer que es descarrega al vostre ordinador en accedir a determinades p\u00e0gines web. Les galetes permeten a una p\u00e0gina web, entre altres coses, emmagatzemar i recuperar informaci\u00f3 sobre h\u00e0bits de navegaci\u00f3 d&#8217;un usuari o del seu equip i, depenent de la informaci\u00f3 que continguin i de la manera que utilitzi el seu equip, es poden utilitzar per recon\u00e8ixer l&#8217;usuari.<\/span><\/p><p dir=\"ltr\" data-placeholder=\"Traducci\u00f3n\">\u00a0<\/p><\/div><\/header><div id=\"dsn-scrollbar\"><div id=\"page_wrapper\" class=\"wrapper \"><div id=\"post-15965\" class=\"root-page post-15965 page type-page status-publish hentry\"><div class=\"post-full-content single-post-with-element\"><div class=\"elementor elementor-15965\" data-elementor-type=\"wp-page\" data-elementor-id=\"15965\"><section class=\"elementor-section elementor-top-section elementor-element elementor-element-d0c181a background-transparent elementor-section-boxed elementor-section-height-default elementor-section-height-default\" data-id=\"d0c181a\" data-element_type=\"section\"><div class=\"elementor-container elementor-column-gap-default\"><div class=\"elementor-column elementor-col-100 elementor-top-column elementor-element elementor-element-5db386a background-transparent\" data-id=\"5db386a\" data-element_type=\"column\"><div class=\"elementor-widget-wrap elementor-element-populated\"><div class=\"elementor-element elementor-element-26a4eb5 elementor-widget elementor-widget-text-editor\" data-id=\"26a4eb5\" data-element_type=\"widget\" data-widget_type=\"text-editor.default\"><h6 id=\"tw-target-text\" class=\"tw-data-text tw-text-large tw-ta\" dir=\"ltr\" data-placeholder=\"Traducci\u00f3n\"><strong><span class=\"Y2IQFc\" lang=\"ca\">Quins tipus de galetes hi ha? <\/span><\/strong><\/h6><p class=\"tw-data-text tw-text-large tw-ta\" dir=\"ltr\" data-placeholder=\"Traducci\u00f3n\"><span class=\"Y2IQFc\" lang=\"ca\">Si us plau, revisa aquesta secci\u00f3 que proporciona una visi\u00f3 general de la tipologia de galetes que es poden utilitzar en un entorn en l\u00ednia. <\/span><\/p><p class=\"tw-data-text tw-text-large tw-ta\" dir=\"ltr\" data-placeholder=\"Traducci\u00f3n\"><span class=\"Y2IQFc\" lang=\"ca\">En funci\u00f3 del propietari de les Cookies, es poden classificar en:<\/span><\/p><p dir=\"ltr\" data-placeholder=\"Traducci\u00f3n\">\u00a0<\/p><p class=\"tw-data-text tw-text-large tw-ta\" dir=\"ltr\" data-placeholder=\"Traducci\u00f3n\"><span class=\"Y2IQFc\" lang=\"ca\"><strong>\u2013 Cookies pr\u00f2pies:<\/strong> S\u00f3n aquelles que s&#8217;envien a l&#8217;ordinador o al dispositiu de l&#8217;usuari des d&#8217;un equip o domini gestionat pel mateix editor, i des del qual s&#8217;ofereix la plataforma o el servei sol\u00b7licitat per l&#8217;usuari. <\/span><\/p><p class=\"tw-data-text tw-text-large tw-ta\" dir=\"ltr\" data-placeholder=\"Traducci\u00f3n\"><span class=\"Y2IQFc\" lang=\"ca\"><strong>\u2013 Cookies de tercers:<\/strong> S\u00f3n aquelles que s&#8217;envien a l&#8217;ordinador o al dispositiu de l&#8217;usuari des d&#8217;un equip o domini que no \u00e9s gestionat per l&#8217;editor, sin\u00f3 per una altra entitat que tracta les dades obtingudes a trav\u00e9s de les cookies. <\/span><\/p><p class=\"tw-data-text tw-text-large tw-ta\" dir=\"ltr\" data-placeholder=\"Traducci\u00f3n\"><span class=\"Y2IQFc\" lang=\"ca\">En funci\u00f3 de la finalitat de la Cookie, es poden classificar en: <\/span><\/p><p class=\"tw-data-text tw-text-large tw-ta\" dir=\"ltr\" data-placeholder=\"Traducci\u00f3n\"><strong><span class=\"Y2IQFc\" lang=\"ca\">Cookies estrictament necess\u00e0ries (t\u00e8cniques): <\/span><\/strong><span class=\"Y2IQFc\" lang=\"ca\">S\u00f3n aquelles que permeten a l&#8217;usuari la navegaci\u00f3 a trav\u00e9s d&#8217;una p\u00e0gina web, plataforma o aplicaci\u00f3 i la utilitzaci\u00f3 de les diferents opcions o serveis que hi hagi com, per exemple, controlar el tr\u00e0nsit, identificar dades o la sessi\u00f3, accedir a seccions o continguts d&#8217;acc\u00e9s restringit, recordar els elements que integren una comanda, fer el proc\u00e9s de compra d&#8217;una comanda, gestionar el pagament, controlar el frau vinculador a la seguretat del servei, utilitzar elements de seguretat durant la navegaci\u00f3, fer la sol\u00b7licitud d&#8217;inscripci\u00f3 o participaci\u00f3 en un esdeveniment, emmagatzemar continguts per a la difusi\u00f3 de v\u00eddeos o so, habilitar continguts din\u00e0mics (per exemple, animaci\u00f3 de c\u00e0rrega dun text o imatge) o compartir continguts a trav\u00e9s de xarxes socials. Les cookies t\u00e8cniques, en ser estrictament necess\u00e0ries, es descarreguen per defecte quan permetin mostrar la plataforma o prestar el servei sol\u00b7licitat per l&#8217;usuari.<\/span><\/p><p id=\"tw-target-text\" class=\"tw-data-text tw-text-large tw-ta\" dir=\"ltr\" data-placeholder=\"Traducci\u00f3n\"><strong><span class=\"Y2IQFc\" lang=\"ca\">Cookies de funcionalitat o personalitzaci\u00f3: <\/span><\/strong><\/p><p class=\"tw-data-text tw-text-large tw-ta\" dir=\"ltr\" data-placeholder=\"Traducci\u00f3n\"><span class=\"Y2IQFc\" lang=\"ca\">Aquestes galetes s\u00f3n aquelles que permeten recordar informaci\u00f3 perqu\u00e8 l&#8217;usuari accedeixi al servei o plataforma amb determinades caracter\u00edstiques que poden diferenciar la seva experi\u00e8ncia de la d&#8217;altres usuaris, com ara l&#8217;idioma, el nombre de resultats que cal mostrar quan l&#8217;usuari realitza una cerca, aspecte o contingut del servei en funci\u00f3 del tipus de navegador usat per l&#8217;usuari o de la regi\u00f3 des de la qual accedeix al servei, etc. <\/span><\/p><p class=\"tw-data-text tw-text-large tw-ta\" dir=\"ltr\" data-placeholder=\"Traducci\u00f3n\"><span class=\"Y2IQFc\" lang=\"ca\">No acceptar aquestes galetes pot generar un rendiment lent de la p\u00e0gina web o recomanacions mal adaptades. <\/span><\/p><p class=\"tw-data-text tw-text-large tw-ta\" dir=\"ltr\" data-placeholder=\"Traducci\u00f3n\"><span class=\"Y2IQFc\" lang=\"ca\"><strong>Galetes d&#8217;an\u00e0lisi: <\/strong><\/span><\/p><p class=\"tw-data-text tw-text-large tw-ta\" dir=\"ltr\" data-placeholder=\"Traducci\u00f3n\"><span class=\"Y2IQFc\" lang=\"ca\">S\u00f3n aquelles que permeten quantificar el nombre d&#8217;usuaris, les seccions visitades a la plataforma i com interactuen amb la mateixa, per aix\u00ed realitzar el mesurament i l&#8217;an\u00e0lisi estad\u00edstica de la utilitzaci\u00f3 que fan els usuaris, a fi d&#8217;introduir millores en funci\u00f3 de l&#8217;an\u00e0lisi de les dades d\u00fas que fan els usuaris de la plataforma o servei. <\/span><\/p><p class=\"tw-data-text tw-text-large tw-ta\" dir=\"ltr\" data-placeholder=\"Traducci\u00f3n\"><strong><span class=\"Y2IQFc\" lang=\"ca\">Cookies de publicitat comportamental: <\/span><\/strong><\/p><p class=\"tw-data-text tw-text-large tw-ta\" dir=\"ltr\" data-placeholder=\"Traducci\u00f3n\"><span class=\"Y2IQFc\" lang=\"ca\">S\u00f3n aquelles que emmagatzemen informaci\u00f3 del comportament dels usuaris obtinguda a trav\u00e9s de l&#8217;observaci\u00f3 continuada dels seus h\u00e0bits de navegaci\u00f3, cosa que permet desenvolupar un perfil espec\u00edfic per mostrar publicitat en funci\u00f3 del mateix. Aquestes cookies permeten la gesti\u00f3, de la manera m\u00e9s efica\u00e7 possible, dels espais publicitaris que, si escau, l&#8217;editor hagi incl\u00f2s directament o en col\u00b7laboraci\u00f3 amb tercers.<\/span><\/p><p id=\"tw-target-text\" class=\"tw-data-text tw-text-large tw-ta\" dir=\"ltr\" data-placeholder=\"Traducci\u00f3n\"><strong><span class=\"Y2IQFc\" lang=\"ca\">Per qu\u00e8 utilitza les cookies aquesta p\u00e0gina web i quines s\u00f3n? <\/span><\/strong><\/p><p class=\"tw-data-text tw-text-large tw-ta\" dir=\"ltr\" data-placeholder=\"Traducci\u00f3n\"><span class=\"Y2IQFc\" lang=\"ca\">Aquesta p\u00e0gina web utilitza les galetes per a una s\u00e8rie de finalitats, incloses: An\u00e0lisi: s\u00f3n aquelles galetes que b\u00e9, tractades per nosaltres o per tercers, ens permeten quantificar el nombre d&#8217;usuaris i aix\u00ed realitzar el mesurament i l&#8217;an\u00e0lisi estad\u00edstica de la utilitzaci\u00f3 que fan els usuaris del servei. Per aix\u00f2 s&#8217;analitza la vostra navegaci\u00f3 a la nostra p\u00e0gina web per tal de millorar l&#8217;experi\u00e8ncia de l&#8217;usuari. <\/span><\/p><p class=\"tw-data-text tw-text-large tw-ta\" dir=\"ltr\" data-placeholder=\"Traducci\u00f3n\"><span class=\"Y2IQFc\" lang=\"ca\">El detall de les cookies utilitzades en aquesta p\u00e0gina web \u00e9s el seg\u00fcent: <\/span><\/p><p class=\"tw-data-text tw-text-large tw-ta\" dir=\"ltr\" data-placeholder=\"Traducci\u00f3n\"><strong><span class=\"Y2IQFc\" lang=\"ca\">Cookies pr\u00f2pies: <\/span><\/strong><\/p><p class=\"tw-data-text tw-text-large tw-ta\" dir=\"ltr\" data-placeholder=\"Traducci\u00f3n\"><span class=\"Y2IQFc\" lang=\"ca\">S\u00f3n aquelles que s&#8217;envien a l&#8217;equip terminal de l&#8217;usuari des d&#8217;un equip o domini gestionat pel mateix editor i des del qual es presta el servei sol\u00b7licitat per l&#8217;usuari. <\/span><\/p><p class=\"tw-data-text tw-text-large tw-ta\" dir=\"ltr\" data-placeholder=\"Traducci\u00f3n\"><strong><span class=\"Y2IQFc\" lang=\"ca\">Cookies de tercers: <\/span><\/strong><\/p><p class=\"tw-data-text tw-text-large tw-ta\" dir=\"ltr\" data-placeholder=\"Traducci\u00f3n\"><span class=\"Y2IQFc\" lang=\"ca\">S\u00f3n aquelles que s&#8217;envien a l&#8217;equip terminal de l&#8217;usuari des d&#8217;un equip o domini que no \u00e9s gestionat per l&#8217;editor, sin\u00f3 per una altra entitat que tracta les dades obtingudes a trav\u00e9s de les galetes. <\/span><\/p><p class=\"tw-data-text tw-text-large tw-ta\" dir=\"ltr\" data-placeholder=\"Traducci\u00f3n\"><strong><span class=\"Y2IQFc\" lang=\"ca\">Cookies persistents: <\/span><\/strong><\/p><p class=\"tw-data-text tw-text-large tw-ta\" dir=\"ltr\" data-placeholder=\"Traducci\u00f3n\"><span class=\"Y2IQFc\" lang=\"ca\">S\u00f3n un tipus de cookies en qu\u00e8 les dades segueixen emmagatzemades al terminal i poden ser accedides i tractades durant un per\u00edode definit pel responsable de la galeta, i que pot anar d&#8217;uns minuts a diversos anys. <\/span><\/p><p class=\"tw-data-text tw-text-large tw-ta\" dir=\"ltr\" data-placeholder=\"Traducci\u00f3n\"><strong><span class=\"Y2IQFc\" lang=\"ca\">Galetes d&#8217;an\u00e0lisi:<\/span><\/strong><\/p><p class=\"tw-data-text tw-text-large tw-ta\" dir=\"ltr\" data-placeholder=\"Traducci\u00f3n\"><span class=\"Y2IQFc\" lang=\"ca\">S\u00f3n aquelles que permeten al responsable de les mateixes, el seguiment i an\u00e0lisi del comportament dels usuaris dels llocs web a qu\u00e8 estan vinculades. La informaci\u00f3 recollida mitjan\u00e7ant aquest tipus de cookies s&#8217;utilitza en el mesurament de l&#8217;activitat dels llocs web, aplicaci\u00f3 o plataforma i per a l&#8217;elaboraci\u00f3 de perfils de navegaci\u00f3 dels usuaris d&#8217;aquests llocs, aplicacions i plataformes, per introduir millores a funci\u00f3 de lan\u00e0lisi de les dades d\u00fas que fan els usuaris del servei. <\/span><\/p><p class=\"tw-data-text tw-text-large tw-ta\" dir=\"ltr\" data-placeholder=\"Traducci\u00f3n\"><span class=\"Y2IQFc\" lang=\"ca\">Nota: Les galetes de tipus &#8216;Pr\u00f2pies&#8217; s\u00f3n utilitzades nom\u00e9s pel propietari d&#8217;aquesta web i les galetes &#8216;De tercers&#8217; s\u00f3n utilitzades, pel prestador del servei que est\u00e0 detallat al quadre anterior.<\/span><\/p><p id=\"tw-target-text\" class=\"tw-data-text tw-text-large tw-ta\" dir=\"ltr\" data-placeholder=\"Traducci\u00f3n\"><strong><span class=\"Y2IQFc\" lang=\"ca\">Com puc desactivar o eliminar aquestes galetes? <\/span><\/strong><\/p><p class=\"tw-data-text tw-text-large tw-ta\" dir=\"ltr\" data-placeholder=\"Traducci\u00f3n\"><span class=\"Y2IQFc\" lang=\"ca\">Podeu permetre, bloquejar o eliminar les cookies instal\u00b7lades al vostre equip mitjan\u00e7ant la configuraci\u00f3 de les opcions del navegador instal\u00b7lat al vostre ordinador:<\/span><\/p><p class=\"tw-data-text tw-text-large tw-ta\" dir=\"ltr\" data-placeholder=\"Traducci\u00f3n\"><span class=\"Y2IQFc\" lang=\"ca\">Firefox\u00a0http:\/\/support.mozilla.org\/es\/kb\/habilitar-y-deshabilitar-cookies-que-los-sitios-web<\/span><\/p><p class=\"tw-data-text tw-text-large tw-ta\" dir=\"ltr\" data-placeholder=\"Traducci\u00f3n\"><span class=\"Y2IQFc\" lang=\"ca\">Chrome\u00a0http:\/\/support.google.com\/chrome\/bin\/answer.py?hl=ca&amp;answer=95647<\/span><\/p><p class=\"tw-data-text tw-text-large tw-ta\" dir=\"ltr\" data-placeholder=\"Traducci\u00f3n\"><span class=\"Y2IQFc\" lang=\"ca\">Explorer\u00a0http:\/\/windows.microsoft.com\/ca-ca\/windows7\/how-to-manage-cookies-in-internet-explorer-9<\/span><\/p><p class=\"tw-data-text tw-text-large tw-ta\" dir=\"ltr\" data-placeholder=\"Traducci\u00f3n\"><span class=\"Y2IQFc\" lang=\"ca\">Safari\u00a0http:\/\/support.apple.com\/kb\/ph5042<\/span><\/p><p class=\"tw-data-text tw-text-large tw-ta\" dir=\"ltr\" data-placeholder=\"Traducci\u00f3n\"><span class=\"Y2IQFc\" lang=\"ca\">Opera\u00a0http:\/\/help.opera.com\/Windows\/11.50\/ca-ES\/cookies.html<\/span><\/p><p class=\"tw-data-text tw-text-large tw-ta\" dir=\"ltr\" data-placeholder=\"Traducci\u00f3n\"><span class=\"Y2IQFc\" lang=\"ca\">Altres navegadors\u00a0Consulteu la documentaci\u00f3 del navegador que tingueu instal\u00b7lat. <\/span><\/p><p class=\"tw-data-text tw-text-large tw-ta\" dir=\"ltr\" data-placeholder=\"Traducci\u00f3n\"><span class=\"Y2IQFc\" lang=\"ca\">Complement d&#8217;inhabilitaci\u00f3 per a navegadors de Google Analytics <\/span><\/p><p class=\"tw-data-text tw-text-large tw-ta\" dir=\"ltr\" data-placeholder=\"Traducci\u00f3n\"><span class=\"Y2IQFc\" lang=\"ca\">Si voleu rebutjar les galetes anal\u00edtiques de Google Analytics a tots els navegadors, de manera que no s&#8217;envi\u00ef informaci\u00f3 vostra a Google Analytics, podeu descarregar un complement que fa aquesta funci\u00f3 des d&#8217;aquest enlla\u00e7:\u00a0<strong>https:\/\/ tools.google.com\/dlpage\/<\/strong><\/span><\/p><\/div><\/div><\/div><\/div><\/section><\/div><\/div><\/div><\/div><\/div>\t\t\t\t\t\t<\/div>\n\t\t\t\t<\/div>\n\t\t\t\t\t<\/div>\n\t\t<\/div>\n\t\t\t\t\t\t\t<\/div>\n\t\t<\/section>\n\t\t\t\t\t\t\t<\/div>\n\t\t","protected":false},"excerpt":{"rendered":"<p>Pol\u00edtica de cookies En aquesta Pol\u00edtica de Cookies trobar\u00e0s informaci\u00f3 sobre l&#8217;\u00fas que realitzem de les galetes i dispositius similars que s&#8217;instal\u00b7len als terminals dels nostres clients i usuaris. De vegades, l&#8217;\u00fas de cookies pot estar relacionat amb el tractament de dades personals, per la qual cosa et recomanem que consultis la nostra Pol\u00edtica de&#8230;<\/p>\n","protected":false},"author":1,"featured_media":0,"parent":0,"menu_order":0,"comment_status":"closed","ping_status":"open","template":"","meta":{"om_disable_all_campaigns":false,"_monsterinsights_skip_tracking":false,"_monsterinsights_sitenote_active":false,"_monsterinsights_sitenote_note":"","_monsterinsights_sitenote_category":0,"footnotes":""},"class_list":{"0":"post-3","1":"page","2":"type-page","3":"status-publish","4":"hentry","5":"nt-post-class","6":"","7":"thumb-none","9":"excerpt-none"},"acf":[],"aioseo_notices":[],"_links":{"self":[{"href":"https:\/\/school.taga.net\/ca\/wp-json\/wp\/v2\/pages\/3","targetHints":{"allow":["GET"]}}],"collection":[{"href":"https:\/\/school.taga.net\/ca\/wp-json\/wp\/v2\/pages"}],"about":[{"href":"https:\/\/school.taga.net\/ca\/wp-json\/wp\/v2\/types\/page"}],"author":[{"embeddable":true,"href":"https:\/\/school.taga.net\/ca\/wp-json\/wp\/v2\/users\/1"}],"replies":[{"embeddable":true,"href":"https:\/\/school.taga.net\/ca\/wp-json\/wp\/v2\/comments?post=3"}],"version-history":[{"count":19,"href":"https:\/\/school.taga.net\/ca\/wp-json\/wp\/v2\/pages\/3\/revisions"}],"predecessor-version":[{"id":5763,"href":"https:\/\/school.taga.net\/ca\/wp-json\/wp\/v2\/pages\/3\/revisions\/5763"}],"wp:attachment":[{"href":"https:\/\/school.taga.net\/ca\/wp-json\/wp\/v2\/media?parent=3"}],"curies":[{"name":"wp","href":"https:\/\/api.w.org\/{rel}","templated":true}]}}